{"id":3,"date":"2020-03-05T16:41:13","date_gmt":"2020-03-05T16:41:13","guid":{"rendered":"https:\/\/00seeds.com\/web\/?page_id=3"},"modified":"2025-08-06T09:46:41","modified_gmt":"2025-08-06T07:46:41","slug":"politica-privacidad","status":"publish","type":"page","link":"https:\/\/00seeds.com\/de\/politica-privacidad\/","title":{"rendered":"Datenschutzbestimmungen"},"content":{"rendered":"<section class=\"section\" id=\"section_427744751\">\n\t\t<div class=\"section-bg fill\" >\n\t\t\t\t\t\t\t\t\t\n\t\t\t\n\n\t\t<\/div>\n\n\t\t\n\n\t\t<div class=\"section-content relative\">\n\t\t\t\n\n<div class=\"container section-title-container\" ><h1 class=\"section-title section-title-center\"><b aria-hidden=\"true\"><\/b><span class=\"section-title-main\" >Datenschutzbestimmungen<\/span><b aria-hidden=\"true\"><\/b><\/h1><\/div>\n\n<p>\"00 Seeds\" verpflichtet sich zur Einhaltung der spanischen und europ\u00e4ischen Vorschriften zum Schutz personenbezogener Daten und garantiert die vollst\u00e4ndige Einhaltung der festgelegten Verpflichtungen sowie die Umsetzung der Sicherheitsma\u00dfnahmen, die in der Allgemeinen Datenschutzverordnung (GDPR) (EU) 2016\/679 vom 27. April und im Organgesetz 3\/2018 vom 5. Dezember \u00fcber den Schutz personenbezogener Daten und die Gew\u00e4hrleistung digitaler Rechte (LOPD und GDD, im Folgenden LOPD) festgelegt sind.<\/p>\n<p>In \u00dcbereinstimmung mit diesen Vorschriften informieren wir Sie dar\u00fcber, dass Sie bei der Nutzung unserer Website m\u00f6glicherweise bestimmte personenbezogene Daten \u00fcber Registrierungs- oder Kontaktformulare oder durch das Senden von E-Mails angeben m\u00fcssen und dass diese Daten von \" verarbeitet werden.<strong>00 Saatgut<\/strong>Verantwortlich f\u00fcr die Verarbeitung, dessen Angaben sind:<\/p>\n<ul>\n<li><strong>Name des Unternehmens<\/strong>: Garden Seeds Trading, S.L.<\/li>\n<li><strong>UMSATZSTEUER-IDENTIFIKATIONSNUMMER<\/strong>: B73603805<\/li>\n<li><strong>Eingetragener Firmensitz<\/strong>C\/ Villanueva del R\u00edo Segura, nave 5. P.I. La Polvorista - Molina de Segura - 30500 (Murcia)<\/li>\n<li><strong>Telefon<\/strong>: 968 629 309<\/li>\n<li><strong>eMail<\/strong>: <a href=\"mailto:info@00seeds.com\">info@00seeds.com<\/a><\/li>\n<\/ul>\n<h2>Erhebung und Verarbeitung pers\u00f6nlicher Daten<\/h2>\n<p>Personenbezogene Daten sind alle Informationen, die sich auf eine Person beziehen: Name, E-Mail, Adresse, Telefonnummer, NIF\/NIE... Wenn ein Benutzer unsere Website besucht, werden au\u00dferdem bestimmte Informationen aus technischen Gr\u00fcnden automatisch gespeichert, wie z.B. die IP-Adresse, die von seinem Internetzugangsanbieter zugewiesen wird.<\/p>\n<p>\"00 Seeds\" hat als f\u00fcr die Datenverarbeitung Verantwortlicher die Pflicht, die Nutzer seiner Website \u00fcber die Erhebung personenbezogener Daten zu informieren, die entweder per E-Mail oder durch Ausf\u00fcllen der auf der Website enthaltenen Formulare erfolgen kann.<\/p>\n<p>Es werden nur die Daten erhoben, die notwendig sind, um die vertraglich vereinbarte Dienstleistung zu erbringen oder um auf die vom Nutzer gestellte Informationsanfrage angemessen reagieren zu k\u00f6nnen. Bei den erhobenen Daten handelt es sich um identifizierende Daten, die einem angemessenen Minimum entsprechen, um die ausge\u00fcbte T\u00e4tigkeit ausf\u00fchren zu k\u00f6nnen. Insbesondere werden zu keinem Zeitpunkt besonders gesch\u00fctzte Daten erhoben. Unter keinen Umst\u00e4nden werden die Daten f\u00fcr einen anderen Zweck als den, f\u00fcr den sie erhoben wurden, verwendet.<\/p>\n<h4><u>Kontaktformulare\/E-Mail <\/u><\/h4>\n<p><em>Zweck<\/em>: Um Ihre Anfrage nach Informationen zu beantworten, die Sie \u00fcber unser(e) Kontaktformular(e) gestellt haben.<\/p>\n<p><em>Legitimation<\/em>Die Rechtsgrundlage f\u00fcr diese Verarbeitung ist die Einwilligung des Nutzers, die jederzeit widerrufen werden kann.<\/p>\n<p><em>\u00dcbertragung von Daten<\/em>Pers\u00f6nliche Daten werden \u00fcber Server verarbeitet, die von <a href=\"https:\/\/www.ovh.es\/\">OVH<\/a>der als der Datenverarbeiter gilt.<\/p>\n<h4><u>Anmeldung\/Registrierungsformulare <\/u><u>Kunde\/Vertragsabschluss<\/u><\/h4>\n<p><em>Verwendungszwecke<\/em>:<\/p>\n<ul>\n<li>Verwalten Sie Ihre Benutzerregistrierung auf unserer Website.<\/li>\n<li>Verwalten Sie get\u00e4tigte K\u00e4ufe.<\/li>\n<li>Informieren Sie sich \u00fcber die Bearbeitung und den Status von Eink\u00e4ufen.<\/li>\n<li>Historische Aufzeichnung der auf unserer Website get\u00e4tigten K\u00e4ufe.<\/li>\n<li>Verwaltung von Kommentaren und Inhalten.<\/li>\n<li>Versand von Mitteilungen per E-Mail und\/oder Telefon, um den Benutzer \u00fcber m\u00f6gliche Vorf\u00e4lle, Fehler, Probleme und\/oder den Status von Bestellungen zu informieren.<\/li>\n<\/ul>\n<p><em>Legitimation<\/em>Die Rechtsgrundlage f\u00fcr diese Verarbeitung ist die Erf\u00fcllung eines Vertrags.<\/p>\n<p><em>\u00dcbertragung von Daten<\/em>00 Seeds\" wird Ihre Daten nicht an Dritte weitergeben oder mitteilen, au\u00dfer in den gesetzlich vorgesehenen F\u00e4llen oder wenn es f\u00fcr die Erbringung einer Dienstleistung unbedingt erforderlich ist. Insbesondere k\u00f6nnen die Daten an folgende Stellen \u00fcbermittelt werden:<\/p>\n<ul>\n<li>Technologie- oder IT-Dienstleister.<\/li>\n<li>Anbieter von Zahlungsdiensten.<\/li>\n<li>Kurier- und Paketdienste.<\/li>\n<li>Dritte oder Vermittler, die als Dienstleister in unserem eigenen Namen t\u00e4tig sind (Agentur, Beratung, etc.).<\/li>\n<\/ul>\n<p>Die \u00dcbermittlung der Daten erfolgt unter strengster Vertraulichkeit und unter Anwendung der erforderlichen Ma\u00dfnahmen, wie z.B. der Unterzeichnung von Vertraulichkeitsvertr\u00e4gen oder der Einhaltung der Datenschutzrichtlinien, die auf den jeweiligen Websites zu finden sind. Der Nutzer kann die \u00dcbermittlung seiner Daten an die Datenverarbeiter durch einen schriftlichen Antrag auf einem der vorgenannten Wege ablehnen.<\/p>\n<p>Dar\u00fcber hinaus k\u00f6nnen die Kundendaten in den F\u00e4llen, in denen dies erforderlich ist, an bestimmte Stellen weitergegeben werden, um einer gesetzlichen Verpflichtung nachzukommen: Spanische Steuerbeh\u00f6rde, Banken, Arbeitsaufsichtsbeh\u00f6rde usw.<\/p>\n<h4><u>Feedback-Formular<\/u><\/h4>\n<p><em>Zweck<\/em>: Geben Sie einen Kommentar oder eine Rezension zur Ver\u00f6ffentlichung auf der Website ab.<\/p>\n<p><em>Legitimation<\/em>Die Rechtsgrundlage f\u00fcr diese Verarbeitung ist die Einwilligung des Nutzers, die jederzeit widerrufen werden kann.<\/p>\n<p><em>\u00dcbertragung von Daten<\/em>Die personenbezogenen Daten werden \u00fcber die Server dieser Website verarbeitet, die von <a href=\"https:\/\/www.ovh.es\/\">OVH<\/a>der als der Datenverarbeiter gilt.<\/p>\n<h2>Minderj\u00e4hrige<\/h2>\n<p>Nur Personen \u00fcber 14 Jahren k\u00f6nnen auf dieser Website personenbezogene Daten angeben. Wie von der LOPD und der GDD vorgeschrieben, ist im Falle von Kindern unter 14 Jahren die Zustimmung der Eltern oder Erziehungsberechtigten eine zwingende Voraussetzung daf\u00fcr, dass wir ihre personenbezogenen Daten verarbeiten k\u00f6nnen.<\/p>\n<p>Andererseits k\u00f6nnen unsere Dienstleistungen nur von Personen in Anspruch genommen werden, die \u00fcber 18 Jahre alt sind. Bei Minderj\u00e4hrigen unter 18 Jahren ist die Zustimmung der Eltern oder Erziehungsberechtigten eine zwingende Voraussetzung f\u00fcr die Erbringung der angebotenen Dienstleistungen, es sei denn, der Minderj\u00e4hrige ist vollj\u00e4hrig.<\/p>\n<h2>Benutzer-Registrierung<\/h2>\n<p>Wenn sich der Benutzer \u00fcber das entsprechende Formular registriert, erfassen wir unter anderem folgende Informationen:<\/p>\n<ul>\n<li>Vorname und Nachname<\/li>\n<li>E-Mail und\/oder Telefon<\/li>\n<li>Lieferadressen<\/li>\n<li>IP<\/li>\n<li>Benutzername\/Passwort<\/li>\n<\/ul>\n<p>Dar\u00fcber hinaus muss der Nutzer die Vertragsbedingungen akzeptieren, die in einem anderen Abschnitt der Website aufgef\u00fchrt sind.<\/p>\n<p>Der Benutzer muss auch ein Passwort angeben, das bestimmten Sicherheitsanforderungen entsprechen muss. Sie verfallen nicht. Um das Passwort wiederherzustellen, muss der Nutzer das entsprechende Formular aufrufen und seine E-Mail-Adresse eingeben, um den Vorgang fortzusetzen und das Passwort zu \u00e4ndern, indem er auf den Link klickt, der an die angegebene E-Mail-Adresse geschickt wird. Der Nutzer ist f\u00fcr die Geheimhaltung seines Passworts sowie f\u00fcr alle Verwendungen desselben verantwortlich. Sie m\u00fcssen \"00 Seeds\" so schnell wie m\u00f6glich \u00fcber jede unbefugte Nutzung Ihres Kontos oder Passworts informieren.<\/p>\n<p>Sobald der Benutzer registriert ist, hat er Zugang zu einem privaten Bereich, in dem er bestimmte Inhalte einsehen, get\u00e4tigte K\u00e4ufe registrieren kann, usw. Er kann auch seine Kontooptionen verwalten, wie z.B. sein Passwort oder seine Benutzerdaten.<\/p>\n<p>Der Nutzer kann die folgenden Benachrichtigungen erhalten:<\/p>\n<ul>\n<li>Bei der Registrierung auf der Plattform (E-Mail zur Kontobest\u00e4tigung).<\/li>\n<li>Bei Eink\u00e4ufen, wie z.B. Kaufnachweis, Vorf\u00e4lle, get\u00e4tigte Sendungen, etc.<\/li>\n<li>F\u00fcr die abgegebenen Kommentare und die Antworten darauf.<\/li>\n<li>Durch die Wiederherstellung des Passworts (im vorherigen Feld angegeben).<\/li>\n<li>Wenn Sie sich abmelden oder das Konto l\u00f6schen.<\/li>\n<\/ul>\n<h2>Sicherheitsma\u00dfnahmen<\/h2>\n<p>Die Nutzer der Website \"00 Seeds\" werden dar\u00fcber informiert, dass die uns zur Verf\u00fcgung stehenden technischen und organisatorischen Sicherheitsma\u00dfnahmen ergriffen wurden, um den Verlust, den Missbrauch, die Ver\u00e4nderung, den unbefugten Zugriff und den Diebstahl von Daten zu verhindern und die Vertraulichkeit, die Integrit\u00e4t und die Qualit\u00e4t der darin enthaltenen Informationen gem\u00e4\u00df den Bestimmungen der geltenden Gesetzgebung zum Datenschutz zu gew\u00e4hrleisten. Die in den Formularen erfassten pers\u00f6nlichen Daten werden nur von den Mitarbeitern von \"00 Seeds\" oder den benannten Datenverarbeitern verarbeitet.<\/p>\n<p>Die Website von \"00 Seeds\" verf\u00fcgt au\u00dferdem \u00fcber eine SSL-Verschl\u00fcsselung, die es dem Nutzer erm\u00f6glicht, seine pers\u00f6nlichen Daten sicher \u00fcber die Kontakt- oder Registrierungsformulare der Website zu \u00fcbermitteln.<\/p>\n<h2>Wahrheitsgehalt der Daten<\/h2>\n<p>Der Nutzer erkl\u00e4rt, dass alle von ihm angegebenen Daten wahr und richtig sind und verpflichtet sich, sie auf dem neuesten Stand zu halten. Der Nutzer ist f\u00fcr die Richtigkeit seiner Daten verantwortlich und haftet allein f\u00fcr alle Streitigkeiten oder Rechtsstreitigkeiten, die sich aus der Falschheit dieser Daten ergeben k\u00f6nnen. Damit wir die pers\u00f6nlichen Daten auf dem neuesten Stand halten k\u00f6nnen, ist es wichtig, dass der Nutzer \"00 Seeds\" informiert, wenn sich seine Daten ge\u00e4ndert haben.<\/p>\n<h2>\u00dcbertragung von Daten<\/h2>\n<p>\"00 Seeds\" wird Ihre Daten nicht an Dritte weitergeben oder mitteilen, au\u00dfer in den gesetzlich vorgesehenen F\u00e4llen oder wenn die Erbringung einer Dienstleistung eine vertragliche Beziehung mit einem Datenverarbeiter erforderlich macht. Der Nutzer akzeptiert daher, dass einige der erfassten personenbezogenen Daten an diese Datenverarbeiter (Zahlungsplattformen, Agenturen, Vermittler usw.) weitergegeben werden k\u00f6nnen, wenn dies f\u00fcr die effektive Erbringung einer vertraglich vereinbarten Dienstleistung oder eines erworbenen Produkts erforderlich ist. Der Nutzer akzeptiert auch, dass im Falle der Erbringung von Dienstleistungen diese ganz oder teilweise an andere Personen oder Unternehmen weitergegeben werden k\u00f6nnen, die als Datenverarbeiter betrachtet werden, mit denen ein entsprechender Vertraulichkeitsvertrag abgeschlossen wurde oder die sich an ihre Datenschutzrichtlinien gehalten haben, die auf ihren jeweiligen Websites festgelegt sind. Der Nutzer kann die Weitergabe seiner Daten an die Datenverarbeiter durch einen schriftlichen Antrag auf einem der oben genannten Wege ablehnen.<\/p>\n<p>Dar\u00fcber hinaus k\u00f6nnen die Kundendaten in den F\u00e4llen, in denen dies erforderlich ist, an bestimmte Stellen weitergegeben werden, um einer gesetzlichen Verpflichtung nachzukommen: Spanische Steuerbeh\u00f6rde, Banken, Arbeitsaufsichtsbeh\u00f6rde usw.<\/p>\n<h2>Aus\u00fcbung von Benutzerrechten<\/h2>\n<p>Die LOPD und GDD sowie die RGPD gew\u00e4hren den Betroffenen die M\u00f6glichkeit, eine Reihe von Rechten im Zusammenhang mit der Verarbeitung ihrer personenbezogenen Daten auszu\u00fcben. Zu diesem Zweck muss sich der Nutzer unter Vorlage eines Identit\u00e4tsnachweises (Personalausweis oder Reisepass) per E-Mail an info@00seeds.com oder schriftlich an die in unserem Impressum angegebene Adresse wenden. Diese Mitteilung muss folgende Angaben enthalten: Vor- und Nachname des Nutzers, Zweck der Anfrage, Adresse und unterst\u00fctzende Daten.<\/p>\n<p>Die Aus\u00fcbung der Rechte muss durch den Nutzer selbst erfolgen. Sie k\u00f6nnen jedoch auch von einer Person ausge\u00fcbt werden, die als gesetzlicher Vertreter des Nutzers bevollm\u00e4chtigt ist, wenn sie die Unterlagen vorlegt, die eine solche Vertretung best\u00e4tigen.<\/p>\n<p>Der Nutzer kann die Aus\u00fcbung der folgenden Rechte beantragen:<\/p>\n<ul>\n<li>Recht auf Anforderung der <strong>Zugang<\/strong> auf personenbezogene Daten, d.h. das Recht, Auskunft dar\u00fcber zu erhalten, ob eigene personenbezogene Daten verarbeitet werden, den Zweck der Verarbeitung, die gegebenenfalls erfolgt, sowie die verf\u00fcgbaren Informationen \u00fcber die Herkunft dieser Daten und die erfolgten oder geplanten Mitteilungen dieser Daten.<\/li>\n<li>Recht auf Anfrage Ihrer <strong>Rektifikation<\/strong>wenn die personenbezogenen Daten unrichtig oder ungenau sind, oder <strong>L\u00f6schung <\/strong>von Daten, die sich als unzureichend oder \u00fcbertrieben erweisen.<\/li>\n<li>Recht auf Anforderung der <strong>Einschr\u00e4nkung<\/strong> von ihrer Verarbeitung zu unterrichten. In diesem Fall werden von \"00 Seeds\" nur die Daten gespeichert, die f\u00fcr die Geltendmachung oder Verteidigung von Anspr\u00fcchen unbedingt erforderlich sind.<\/li>\n<li>Recht auf <strong>Objekt<\/strong> gegen die Verarbeitung: Dies bezieht sich auf das Recht der betroffenen Person, die Verarbeitung ihrer personenbezogenen Daten zu verweigern oder die Verarbeitung in den F\u00e4llen einzustellen, in denen ihre Einwilligung f\u00fcr die Verarbeitung nicht erforderlich ist, im Falle von Dateien zur kommerziellen Werbung oder zum Zwecke der Entscheidungsfindung in Bezug auf die betroffene Person und ausschlie\u00dflich auf der Grundlage der automatisierten Verarbeitung ihrer Daten, es sei denn, die Daten m\u00fcssen aus legitimen Gr\u00fcnden oder zur Aus\u00fcbung oder Verteidigung m\u00f6glicher Anspr\u00fcche weiter verarbeitet werden.<\/li>\n<li>Recht auf <strong>Tragbarkeit<\/strong> Daten\u00fcbertragbarkeit: Falls Sie m\u00f6chten, dass Ihre Daten von einem anderen Unternehmen verarbeitet werden, bietet \"00 Seeds\" Ihnen die \u00dcbertragbarkeit Ihrer Daten in einem exportierbaren Format an.<\/li>\n<\/ul>\n<p>Wenn die Zustimmung f\u00fcr einen bestimmten Zweck erteilt wurde, <strong>der Nutzer hat das Recht, seine Zustimmung jederzeit zu widerrufen<\/strong>ohne dass die Rechtm\u00e4\u00dfigkeit der auf der Einwilligung beruhenden Verarbeitung vor deren Widerruf ber\u00fchrt wird.<\/p>\n<p>Wir verpflichten uns, alle diese Rechte innerhalb der gesetzlichen H\u00f6chstfrist (1 Monat) zu erf\u00fcllen.<\/p>\n<p>Wenn ein Nutzer der Ansicht ist, dass es ein Problem mit der Art und Weise gibt, wie \"00 Seeds\" mit seinen Daten umgeht, kann er sich mit seinen Beschwerden an den Sicherheitsmanager oder an die entsprechende Datenschutzbeh\u00f6rde wenden, wobei im Falle Spaniens die spanische Datenschutzbeh\u00f6rde angegeben ist.<\/p>\n<h2>Vorratsdatenspeicherung<\/h2>\n<p>Die personenbezogenen Daten von Nutzern, die das Kontaktformular verwenden oder uns eine E-Mail mit der Bitte um Informationen schicken, werden so lange verarbeitet, wie es f\u00fcr die Beantwortung der Informationsanfrage unbedingt erforderlich ist, oder bis die erteilte Zustimmung widerrufen wird.<\/p>\n<p>Die personenbezogenen Daten des Kunden werden bis zur Beendigung des Vertragsverh\u00e4ltnisses verarbeitet. Die Aufbewahrungsdauer der personenbezogenen Daten ist das notwendige Minimum und kann bis zum Ende der Vertragsbeziehung aufbewahrt werden:<\/p>\n<ul>\n<li>4 Jahre: Gesetz \u00fcber Straftaten und Strafen in der Sozialordnung (Verpflichtungen in Bezug auf Zugeh\u00f6rigkeit, An- und Abmeldungen, Beitr\u00e4ge, Lohnzahlungen...); Art. 66 ff. des Allgemeinen Steuergesetzes (Buchf\u00fchrung...)<\/li>\n<li>5 Jahre: Art. 1964 Zivilgesetzbuch (pers\u00f6nliche Klagen ohne besondere zeitliche Begrenzung)<\/li>\n<li>6 Jahre: Art. 30 Handelsgesetzbuch (Gesch\u00e4ftsb\u00fccher, Rechnungen...)<\/li>\n<li>10 Jahre: Art. 25 Gesetz zur Verhinderung von Geldw\u00e4sche und Terrorismusfinanzierung (Prevention of Money Laundering and Terrorist Financing Act).<\/li>\n<li>Keine Frist: disaggregierte und anonymisierte Daten.<\/li>\n<\/ul>\n<p>Im Falle der Verarbeitung von Bewerberdaten (Lebenslauf) kann \"00 Seeds\" den Lebenslauf maximal zwei Jahre lang speichern, um ihn in zuk\u00fcnftige Ausschreibungen einflie\u00dfen zu lassen, es sei denn, der Bewerber erkl\u00e4rt etwas anderes.<\/p>\n<h2>Personalauswahl<\/h2>\n<p>Bewerber, die elektronische Mitteilungen an \"00 Seeds\" senden, um Zugang zu den Personalauswahlverfahren des Managers zu erhalten, erm\u00e4chtigen uns, die gesendeten Dokumente (z.B. den Lebenslauf), alle Inhalte, die \u00fcber Internet-Suchmaschinen (z.B. Google) direkt zug\u00e4nglich sind, die in beruflichen sozialen Netzwerken (z.B. LinkedIn) gef\u00fchrten Profile, die in den Zugangstests erhaltenen Daten und die im Vorstellungsgespr\u00e4ch offengelegten Informationen zu analysieren, um ihre Bewerbung zu bewerten und ihnen gegebenenfalls eine Stelle anbieten zu k\u00f6nnen. F\u00fcr den Fall, dass der Kandidat nicht ausgew\u00e4hlt wird, kann \"00 Seeds\" seinen Lebenslauf maximal zwei Jahre lang aufbewahren, um ihn in k\u00fcnftige Ausschreibungen einflie\u00dfen zu lassen, es sei denn, der Kandidat erkl\u00e4rt etwas anderes. Die Rechtsgrundlage f\u00fcr diese Verarbeitung ist die Zustimmung des Interessenten, die jederzeit widerrufen werden kann.<\/p>\n<h2>Vertraulichkeit<\/h2>\n<p>Die vom Nutzer zur Verf\u00fcgung gestellten Informationen werden in jedem Fall als vertraulich betrachtet und d\u00fcrfen nicht f\u00fcr andere als die hier beschriebenen Zwecke verwendet werden. \"00 Seeds\" verpflichtet sich, keine Informationen \u00fcber die Anspr\u00fcche des Nutzers, die Gr\u00fcnde f\u00fcr die angeforderte Beratung oder die Dauer der Beziehung zum Nutzer weiterzugeben oder zu offenbaren.<\/p>\n<h2>G\u00fcltigkeit<\/h2>\n<p>Diese Datenschutzerkl\u00e4rung wurde von ExpertosLOPD\u00ae erstellt, einer Anwaltskanzlei, die sich auf <a href=\"https:\/\/www.expertoslopd.es\/adaptacion-lopd-tiendas-online\/\">datenschutz f\u00fcr online-shops<\/a>Es liegt in der Verantwortung der betroffenen Person, das aktualisierte Dokument zu lesen, um ihre Rechte und Pflichten zu jedem Zeitpunkt zu kennen.<\/p>\n\n\t\t<\/div>\n\n\t\t\n<style>\n#section_427744751 {\n  padding-top: 30px;\n  padding-bottom: 30px;\n  background-color: rgb(255,255,255);\n}\n<\/style>\n\t<\/section>","protected":false},"excerpt":{"rendered":"","protected":false},"author":2307,"featured_media":0,"parent":0,"menu_order":0,"comment_status":"closed","ping_status":"open","template":"","meta":{"footnotes":""},"class_list":["post-3","page","type-page","status-publish","hentry"],"yoast_head":"<!-- This site is optimized with the Yoast SEO Premium plugin v26.3 (Yoast SEO v26.6) - https:\/\/yoast.com\/wordpress\/plugins\/seo\/ -->\n<title>Pol\u00edtica de privacidad - 00 Seeds<\/title>\n<meta name=\"robots\" content=\"index, follow, max-snippet:-1, max-image-preview:large, max-video-preview:-1\" \/>\n<link rel=\"canonical\" href=\"https:\/\/00seeds.com\/de\/politica-privacidad\/\" \/>\n<meta property=\"og:locale\" content=\"de_DE\" \/>\n<meta property=\"og:type\" content=\"article\" \/>\n<meta property=\"og:title\" content=\"Pol\u00edtica de privacidad\" \/>\n<meta property=\"og:url\" content=\"https:\/\/00seeds.com\/de\/politica-privacidad\/\" \/>\n<meta property=\"og:site_name\" content=\"00 Seeds\" \/>\n<meta property=\"article:modified_time\" content=\"2025-08-06T07:46:41+00:00\" \/>\n<meta name=\"twitter:card\" content=\"summary_large_image\" \/>\n<meta name=\"twitter:label1\" content=\"Gesch\u00e4tzte Lesezeit\" \/>\n\t<meta name=\"twitter:data1\" content=\"13\u00a0Minuten\" \/>\n<script type=\"application\/ld+json\" class=\"yoast-schema-graph\">{\"@context\":\"https:\/\/schema.org\",\"@graph\":[{\"@type\":\"WebPage\",\"@id\":\"https:\/\/00seeds.com\/politica-privacidad\/\",\"url\":\"https:\/\/00seeds.com\/politica-privacidad\/\",\"name\":\"Pol\u00edtica de privacidad - 00 Seeds\",\"isPartOf\":{\"@id\":\"https:\/\/00seeds.com\/#website\"},\"datePublished\":\"2020-03-05T16:41:13+00:00\",\"dateModified\":\"2025-08-06T07:46:41+00:00\",\"breadcrumb\":{\"@id\":\"https:\/\/00seeds.com\/politica-privacidad\/#breadcrumb\"},\"inLanguage\":\"de\",\"potentialAction\":[{\"@type\":\"ReadAction\",\"target\":[\"https:\/\/00seeds.com\/politica-privacidad\/\"]}]},{\"@type\":\"BreadcrumbList\",\"@id\":\"https:\/\/00seeds.com\/politica-privacidad\/#breadcrumb\",\"itemListElement\":[{\"@type\":\"ListItem\",\"position\":1,\"name\":\"Home\",\"item\":\"https:\/\/00seeds.com\/\"},{\"@type\":\"ListItem\",\"position\":2,\"name\":\"Pol\u00edtica de privacidad\"}]},{\"@type\":\"WebSite\",\"@id\":\"https:\/\/00seeds.com\/#website\",\"url\":\"https:\/\/00seeds.com\/\",\"name\":\"00 Seeds\",\"description\":\"00 Seeds Bank - Feminized Indica Seeds\",\"publisher\":{\"@id\":\"https:\/\/00seeds.com\/#organization\"},\"potentialAction\":[{\"@type\":\"SearchAction\",\"target\":{\"@type\":\"EntryPoint\",\"urlTemplate\":\"https:\/\/00seeds.com\/?s={search_term_string}\"},\"query-input\":{\"@type\":\"PropertyValueSpecification\",\"valueRequired\":true,\"valueName\":\"search_term_string\"}}],\"inLanguage\":\"de\"},{\"@type\":\"Organization\",\"@id\":\"https:\/\/00seeds.com\/#organization\",\"name\":\"00 Seeds Bank\",\"url\":\"https:\/\/00seeds.com\/\",\"logo\":{\"@type\":\"ImageObject\",\"inLanguage\":\"de\",\"@id\":\"https:\/\/00seeds.com\/#\/schema\/logo\/image\/\",\"url\":\"https:\/\/00seeds.com\/web\/wp-content\/uploads\/2020\/11\/logo-00-seeds.png\",\"contentUrl\":\"https:\/\/00seeds.com\/web\/wp-content\/uploads\/2020\/11\/logo-00-seeds.png\",\"width\":332,\"height\":313,\"caption\":\"00 Seeds Bank\"},\"image\":{\"@id\":\"https:\/\/00seeds.com\/#\/schema\/logo\/image\/\"}}]}<\/script>\n<!-- \/ Yoast SEO Premium plugin. -->","yoast_head_json":{"title":"Datenschutzerkl\u00e4rung - 00 Seeds","robots":{"index":"index","follow":"follow","max-snippet":"max-snippet:-1","max-image-preview":"max-image-preview:large","max-video-preview":"max-video-preview:-1"},"canonical":"https:\/\/00seeds.com\/de\/politica-privacidad\/","og_locale":"de_DE","og_type":"article","og_title":"Pol\u00edtica de privacidad","og_url":"https:\/\/00seeds.com\/de\/politica-privacidad\/","og_site_name":"00 Seeds","article_modified_time":"2025-08-06T07:46:41+00:00","twitter_card":"summary_large_image","twitter_misc":{"Gesch\u00e4tzte Lesezeit":"13\u00a0Minuten"},"schema":{"@context":"https:\/\/schema.org","@graph":[{"@type":"WebPage","@id":"https:\/\/00seeds.com\/politica-privacidad\/","url":"https:\/\/00seeds.com\/politica-privacidad\/","name":"Datenschutzerkl\u00e4rung - 00 Seeds","isPartOf":{"@id":"https:\/\/00seeds.com\/#website"},"datePublished":"2020-03-05T16:41:13+00:00","dateModified":"2025-08-06T07:46:41+00:00","breadcrumb":{"@id":"https:\/\/00seeds.com\/politica-privacidad\/#breadcrumb"},"inLanguage":"de","potentialAction":[{"@type":"ReadAction","target":["https:\/\/00seeds.com\/politica-privacidad\/"]}]},{"@type":"BreadcrumbList","@id":"https:\/\/00seeds.com\/politica-privacidad\/#breadcrumb","itemListElement":[{"@type":"ListItem","position":1,"name":"Home","item":"https:\/\/00seeds.com\/"},{"@type":"ListItem","position":2,"name":"Pol\u00edtica de privacidad"}]},{"@type":"WebSite","@id":"https:\/\/00seeds.com\/#website","url":"https:\/\/00seeds.com\/","name":"00 Seeds","description":"00 Seeds Bank - Feminisierte Indica-Samen","publisher":{"@id":"https:\/\/00seeds.com\/#organization"},"potentialAction":[{"@type":"SearchAction","target":{"@type":"EntryPoint","urlTemplate":"https:\/\/00seeds.com\/?s={search_term_string}"},"query-input":{"@type":"PropertyValueSpecification","valueRequired":true,"valueName":"search_term_string"}}],"inLanguage":"de"},{"@type":"Organization","@id":"https:\/\/00seeds.com\/#organization","name":"00 Saatgut Bank","url":"https:\/\/00seeds.com\/","logo":{"@type":"ImageObject","inLanguage":"de","@id":"https:\/\/00seeds.com\/#\/schema\/logo\/image\/","url":"https:\/\/00seeds.com\/web\/wp-content\/uploads\/2020\/11\/logo-00-seeds.png","contentUrl":"https:\/\/00seeds.com\/web\/wp-content\/uploads\/2020\/11\/logo-00-seeds.png","width":332,"height":313,"caption":"00 Seeds Bank"},"image":{"@id":"https:\/\/00seeds.com\/#\/schema\/logo\/image\/"}}]}},"_links":{"self":[{"href":"https:\/\/00seeds.com\/de\/wp-json\/wp\/v2\/pages\/3","targetHints":{"allow":["GET"]}}],"collection":[{"href":"https:\/\/00seeds.com\/de\/wp-json\/wp\/v2\/pages"}],"about":[{"href":"https:\/\/00seeds.com\/de\/wp-json\/wp\/v2\/types\/page"}],"author":[{"embeddable":true,"href":"https:\/\/00seeds.com\/de\/wp-json\/wp\/v2\/users\/2307"}],"replies":[{"embeddable":true,"href":"https:\/\/00seeds.com\/de\/wp-json\/wp\/v2\/comments?post=3"}],"version-history":[{"count":2,"href":"https:\/\/00seeds.com\/de\/wp-json\/wp\/v2\/pages\/3\/revisions"}],"predecessor-version":[{"id":26768,"href":"https:\/\/00seeds.com\/de\/wp-json\/wp\/v2\/pages\/3\/revisions\/26768"}],"wp:attachment":[{"href":"https:\/\/00seeds.com\/de\/wp-json\/wp\/v2\/media?parent=3"}],"curies":[{"name":"wp","href":"https:\/\/api.w.org\/{rel}","templated":true}]}}