{"id":675,"date":"2020-12-29T13:34:15","date_gmt":"2020-12-29T12:34:15","guid":{"rendered":"https:\/\/00seeds.com\/web\/?post_type=product&#038;p=675"},"modified":"2026-03-18T17:31:04","modified_gmt":"2026-03-18T15:31:04","slug":"chocolate-skunk-cbd","status":"publish","type":"product","link":"https:\/\/00seeds.com\/de\/tienda\/feminizadas\/chocolate-skunk-cbd\/","title":{"rendered":"Chocolate Skunk CBD"},"content":{"rendered":"<p>CBD: 6% - 9%<\/p>\n<p>INTERIOR:<\/p>\n<p>- Ausbeute: 450 - 550 gr\/m2<br \/>- Bl\u00fctezeit: 50 - 55 Tage.<br \/>- H\u00f6he: 70 - 100 cm.<\/p>\n<p>OUTSIDE:<br \/>- Ernte: 1 - 10 Okt.<br \/>- H\u00f6he: 200 - 250 cm.<\/p>","protected":false},"excerpt":{"rendered":"<p>Chocolate Skunk wurde wegen ihres ausgewogenen THC- und CBD-Gehalts ausgew\u00e4hlt. Eine verzweigte Pflanze, die leicht zu z\u00fcchten ist und eine reichliche Bl\u00fctenproduktion aufweist. Sie beh\u00e4lt den intensiven Geschmack und Geruch unserer Chocolate Skunk bei und bietet eine entspannende und lang anhaltende Wirkung, die f\u00fcr den medizinischen Gebrauch geeignet ist.<\/p>","protected":false},"featured_media":590,"comment_status":"open","ping_status":"closed","template":"","meta":[],"product_brand":[],"product_cat":[18],"product_tag":[],"class_list":{"0":"post-675","1":"product","2":"type-product","3":"status-publish","4":"has-post-thumbnail","6":"product_cat-feminizadas","8":"first","9":"instock","10":"taxable","11":"shipping-taxable","12":"purchasable","13":"product-type-variable","14":"rtwpvg-product"},"yoast_head":"<!-- This site is optimized with the Yoast SEO Premium plugin v26.3 (Yoast SEO v26.6) - https:\/\/yoast.com\/wordpress\/plugins\/seo\/ -->\n<title>Chocolate Skunk CBD - 00 Seeds<\/title>\n<meta name=\"robots\" content=\"index, follow, max-snippet:-1, max-image-preview:large, max-video-preview:-1\" \/>\n<link rel=\"canonical\" href=\"https:\/\/00seeds.com\/de\/tienda\/feminizadas\/chocolate-skunk-cbd\/\" \/>\n<meta property=\"og:locale\" content=\"de_DE\" \/>\n<meta property=\"og:type\" content=\"article\" \/>\n<meta property=\"og:title\" content=\"Chocolate Skunk CBD\" \/>\n<meta property=\"og:description\" content=\"Selecci\u00f3n de Chocolate Skunk por su equilibrado contenido entre THC y CBD. Planta ramificada, de f\u00e1cil cultivo y abundante producci\u00f3n de flores que conserva el intenso sabor y olor de nuestra Chocolate Skunk a la vez que ofrece un efecto relajante y duradero, adecuada para uso medicinal.\" \/>\n<meta property=\"og:url\" content=\"https:\/\/00seeds.com\/de\/tienda\/feminizadas\/chocolate-skunk-cbd\/\" \/>\n<meta property=\"og:site_name\" content=\"00 Seeds\" \/>\n<meta property=\"article:modified_time\" content=\"2026-03-18T15:31:04+00:00\" \/>\n<meta property=\"og:image\" content=\"https:\/\/00seeds.com\/web\/wp-content\/uploads\/2020\/11\/Chocolate-Skunk-CBD.jpg\" \/>\n\t<meta property=\"og:image:width\" content=\"703\" \/>\n\t<meta property=\"og:image:height\" content=\"1000\" \/>\n\t<meta property=\"og:image:type\" content=\"image\/jpeg\" \/>\n<meta name=\"twitter:card\" content=\"summary_large_image\" \/>\n<script type=\"application\/ld+json\" class=\"yoast-schema-graph\">{\"@context\":\"https:\/\/schema.org\",\"@graph\":[{\"@type\":\"WebPage\",\"@id\":\"https:\/\/00seeds.com\/en\/tienda\/feminizadas\/chocolate-skunk-cbd\/\",\"url\":\"https:\/\/00seeds.com\/en\/tienda\/feminizadas\/chocolate-skunk-cbd\/\",\"name\":\"Chocolate Skunk CBD - 00 Seeds\",\"isPartOf\":{\"@id\":\"https:\/\/00seeds.com\/#website\"},\"primaryImageOfPage\":{\"@id\":\"https:\/\/00seeds.com\/en\/tienda\/feminizadas\/chocolate-skunk-cbd\/#primaryimage\"},\"image\":{\"@id\":\"https:\/\/00seeds.com\/en\/tienda\/feminizadas\/chocolate-skunk-cbd\/#primaryimage\"},\"thumbnailUrl\":\"https:\/\/00seeds.com\/web\/wp-content\/uploads\/2020\/11\/Chocolate-Skunk-CBD.jpg\",\"datePublished\":\"2020-12-29T12:34:15+00:00\",\"dateModified\":\"2026-03-18T15:31:04+00:00\",\"breadcrumb\":{\"@id\":\"https:\/\/00seeds.com\/en\/tienda\/feminizadas\/chocolate-skunk-cbd\/#breadcrumb\"},\"inLanguage\":\"de\",\"potentialAction\":[{\"@type\":\"ReadAction\",\"target\":[\"https:\/\/00seeds.com\/en\/tienda\/feminizadas\/chocolate-skunk-cbd\/\"]}]},{\"@type\":\"ImageObject\",\"inLanguage\":\"de\",\"@id\":\"https:\/\/00seeds.com\/en\/tienda\/feminizadas\/chocolate-skunk-cbd\/#primaryimage\",\"url\":\"https:\/\/00seeds.com\/web\/wp-content\/uploads\/2020\/11\/Chocolate-Skunk-CBD.jpg\",\"contentUrl\":\"https:\/\/00seeds.com\/web\/wp-content\/uploads\/2020\/11\/Chocolate-Skunk-CBD.jpg\",\"width\":703,\"height\":1000},{\"@type\":\"BreadcrumbList\",\"@id\":\"https:\/\/00seeds.com\/en\/tienda\/feminizadas\/chocolate-skunk-cbd\/#breadcrumb\",\"itemListElement\":[{\"@type\":\"ListItem\",\"position\":1,\"name\":\"Home\",\"item\":\"https:\/\/00seeds.com\/\"},{\"@type\":\"ListItem\",\"position\":2,\"name\":\"Tienda\",\"item\":\"https:\/\/00seeds.com\/\"},{\"@type\":\"ListItem\",\"position\":3,\"name\":\"Chocolate Skunk CBD\"}]},{\"@type\":\"WebSite\",\"@id\":\"https:\/\/00seeds.com\/#website\",\"url\":\"https:\/\/00seeds.com\/\",\"name\":\"00 Seeds\",\"description\":\"00 Seeds Bank - Feminized Indica Seeds\",\"publisher\":{\"@id\":\"https:\/\/00seeds.com\/#organization\"},\"potentialAction\":[{\"@type\":\"SearchAction\",\"target\":{\"@type\":\"EntryPoint\",\"urlTemplate\":\"https:\/\/00seeds.com\/?s={search_term_string}\"},\"query-input\":{\"@type\":\"PropertyValueSpecification\",\"valueRequired\":true,\"valueName\":\"search_term_string\"}}],\"inLanguage\":\"de\"},{\"@type\":\"Organization\",\"@id\":\"https:\/\/00seeds.com\/#organization\",\"name\":\"00 Seeds Bank\",\"url\":\"https:\/\/00seeds.com\/\",\"logo\":{\"@type\":\"ImageObject\",\"inLanguage\":\"de\",\"@id\":\"https:\/\/00seeds.com\/#\/schema\/logo\/image\/\",\"url\":\"https:\/\/00seeds.com\/web\/wp-content\/uploads\/2020\/11\/logo-00-seeds.png\",\"contentUrl\":\"https:\/\/00seeds.com\/web\/wp-content\/uploads\/2020\/11\/logo-00-seeds.png\",\"width\":332,\"height\":313,\"caption\":\"00 Seeds Bank\"},\"image\":{\"@id\":\"https:\/\/00seeds.com\/#\/schema\/logo\/image\/\"}}]}<\/script>\n<!-- \/ Yoast SEO Premium plugin. -->","yoast_head_json":{"title":"Chocolate Skunk CBD - 00 Samen","robots":{"index":"index","follow":"follow","max-snippet":"max-snippet:-1","max-image-preview":"max-image-preview:large","max-video-preview":"max-video-preview:-1"},"canonical":"https:\/\/00seeds.com\/de\/tienda\/feminizadas\/chocolate-skunk-cbd\/","og_locale":"de_DE","og_type":"article","og_title":"Chocolate Skunk CBD","og_description":"Selecci\u00f3n de Chocolate Skunk por su equilibrado contenido entre THC y CBD. Planta ramificada, de f\u00e1cil cultivo y abundante producci\u00f3n de flores que conserva el intenso sabor y olor de nuestra Chocolate Skunk a la vez que ofrece un efecto relajante y duradero, adecuada para uso medicinal.","og_url":"https:\/\/00seeds.com\/de\/tienda\/feminizadas\/chocolate-skunk-cbd\/","og_site_name":"00 Seeds","article_modified_time":"2026-03-18T15:31:04+00:00","og_image":[{"width":703,"height":1000,"url":"https:\/\/00seeds.com\/web\/wp-content\/uploads\/2020\/11\/Chocolate-Skunk-CBD.jpg","type":"image\/jpeg"}],"twitter_card":"summary_large_image","schema":{"@context":"https:\/\/schema.org","@graph":[{"@type":"WebPage","@id":"https:\/\/00seeds.com\/en\/tienda\/feminizadas\/chocolate-skunk-cbd\/","url":"https:\/\/00seeds.com\/en\/tienda\/feminizadas\/chocolate-skunk-cbd\/","name":"Chocolate Skunk CBD - 00 Samen","isPartOf":{"@id":"https:\/\/00seeds.com\/#website"},"primaryImageOfPage":{"@id":"https:\/\/00seeds.com\/en\/tienda\/feminizadas\/chocolate-skunk-cbd\/#primaryimage"},"image":{"@id":"https:\/\/00seeds.com\/en\/tienda\/feminizadas\/chocolate-skunk-cbd\/#primaryimage"},"thumbnailUrl":"https:\/\/00seeds.com\/web\/wp-content\/uploads\/2020\/11\/Chocolate-Skunk-CBD.jpg","datePublished":"2020-12-29T12:34:15+00:00","dateModified":"2026-03-18T15:31:04+00:00","breadcrumb":{"@id":"https:\/\/00seeds.com\/en\/tienda\/feminizadas\/chocolate-skunk-cbd\/#breadcrumb"},"inLanguage":"de","potentialAction":[{"@type":"ReadAction","target":["https:\/\/00seeds.com\/en\/tienda\/feminizadas\/chocolate-skunk-cbd\/"]}]},{"@type":"ImageObject","inLanguage":"de","@id":"https:\/\/00seeds.com\/en\/tienda\/feminizadas\/chocolate-skunk-cbd\/#primaryimage","url":"https:\/\/00seeds.com\/web\/wp-content\/uploads\/2020\/11\/Chocolate-Skunk-CBD.jpg","contentUrl":"https:\/\/00seeds.com\/web\/wp-content\/uploads\/2020\/11\/Chocolate-Skunk-CBD.jpg","width":703,"height":1000},{"@type":"BreadcrumbList","@id":"https:\/\/00seeds.com\/en\/tienda\/feminizadas\/chocolate-skunk-cbd\/#breadcrumb","itemListElement":[{"@type":"ListItem","position":1,"name":"Home","item":"https:\/\/00seeds.com\/"},{"@type":"ListItem","position":2,"name":"Tienda","item":"https:\/\/00seeds.com\/"},{"@type":"ListItem","position":3,"name":"Chocolate Skunk CBD"}]},{"@type":"WebSite","@id":"https:\/\/00seeds.com\/#website","url":"https:\/\/00seeds.com\/","name":"00 Seeds","description":"00 Seeds Bank - Feminisierte Indica-Samen","publisher":{"@id":"https:\/\/00seeds.com\/#organization"},"potentialAction":[{"@type":"SearchAction","target":{"@type":"EntryPoint","urlTemplate":"https:\/\/00seeds.com\/?s={search_term_string}"},"query-input":{"@type":"PropertyValueSpecification","valueRequired":true,"valueName":"search_term_string"}}],"inLanguage":"de"},{"@type":"Organization","@id":"https:\/\/00seeds.com\/#organization","name":"00 Saatgut Bank","url":"https:\/\/00seeds.com\/","logo":{"@type":"ImageObject","inLanguage":"de","@id":"https:\/\/00seeds.com\/#\/schema\/logo\/image\/","url":"https:\/\/00seeds.com\/web\/wp-content\/uploads\/2020\/11\/logo-00-seeds.png","contentUrl":"https:\/\/00seeds.com\/web\/wp-content\/uploads\/2020\/11\/logo-00-seeds.png","width":332,"height":313,"caption":"00 Seeds Bank"},"image":{"@id":"https:\/\/00seeds.com\/#\/schema\/logo\/image\/"}}]}},"_links":{"self":[{"href":"https:\/\/00seeds.com\/de\/wp-json\/wp\/v2\/product\/675","targetHints":{"allow":["GET"]}}],"collection":[{"href":"https:\/\/00seeds.com\/de\/wp-json\/wp\/v2\/product"}],"about":[{"href":"https:\/\/00seeds.com\/de\/wp-json\/wp\/v2\/types\/product"}],"replies":[{"embeddable":true,"href":"https:\/\/00seeds.com\/de\/wp-json\/wp\/v2\/comments?post=675"}],"wp:featuredmedia":[{"embeddable":true,"href":"https:\/\/00seeds.com\/de\/wp-json\/wp\/v2\/media\/590"}],"wp:attachment":[{"href":"https:\/\/00seeds.com\/de\/wp-json\/wp\/v2\/media?parent=675"}],"wp:term":[{"taxonomy":"product_brand","embeddable":true,"href":"https:\/\/00seeds.com\/de\/wp-json\/wp\/v2\/product_brand?post=675"},{"taxonomy":"product_cat","embeddable":true,"href":"https:\/\/00seeds.com\/de\/wp-json\/wp\/v2\/product_cat?post=675"},{"taxonomy":"product_tag","embeddable":true,"href":"https:\/\/00seeds.com\/de\/wp-json\/wp\/v2\/product_tag?post=675"}],"curies":[{"name":"wp","href":"https:\/\/api.w.org\/{rel}","templated":true}]}}