{"id":690,"date":"2020-12-29T15:41:47","date_gmt":"2020-12-29T14:41:47","guid":{"rendered":"https:\/\/00seeds.com\/web\/?post_type=product&#038;p=690"},"modified":"2026-03-18T17:31:04","modified_gmt":"2026-03-18T15:31:04","slug":"do-si-dos-cookies","status":"publish","type":"product","link":"https:\/\/00seeds.com\/de\/tienda\/feminizadas\/do-si-dos-cookies\/","title":{"rendered":"Do-Si-Dos Cookies"},"content":{"rendered":"<p>THC: 23%<\/p>\n<p>INTERIOR:<br \/>- Ausbeute: 500 - 550 gr\/m2<br \/>- Bl\u00fctezeit: 50 - 55 Tage.<br \/>- H\u00f6he: 80 - 100 cm.<\/p>\n<p>OUTSIDE:<br \/>- Ernte: 20 - 30 September.<br \/>- H\u00f6he: 200 - 250 cm.<\/p>","protected":false},"excerpt":{"rendered":"<p>Diese Hybride ist aus zwei erstaunlichen kalifornischen Sorten mit einer gro\u00dfen Geschichte entstanden.<\/p>\n<p>\u00a0<\/p>\n<p>Ihre Mutter, Girl Scout Cookies, stammt aus der San Francisco Bay Area aus einer Kreuzung zwischen Florida OG Kush und der legend\u00e4ren F1 Durb. Unter ihren Wirkungen finden wir eine mentale Wirkung von gro\u00dfer Positivit\u00e4t und Gl\u00fcck. Auf k\u00f6rperlicher Ebene erzeugt sie ein hohes Ma\u00df an Muskelentspannung, die Sie nicht gleichg\u00fcltig lassen wird. Was den Geschmack angeht, so hat sie einen Hauch von Schokolade mit einem Hauch von Minze.<\/p>\n<p>\u00a0<\/p>\n<p>Ihre Abstammung, ein Face Off, das aus einigen unglaublichen OG Kush-Knospen entstand, die in den 90er Jahren durch Kaliforniens beste Z\u00fcchter zirkulierten, macht sie zu einer sehr indicadominierten Pflanze, die eine sehr entspannende Wirkung auf den K\u00f6rper hat, gepaart mit einem s\u00fc\u00dfen, erdigen, kiefernartigen Geruch und Geschmack.<\/p>\n<p>\u00a0<\/p>\n<p>Do-Si-Dos Cookies ist ein Hybrid, der das Beste aus beiden Sorten vereint. Sie ist \u00fcberwiegend eine Indica und wird Sie zu einem unglaublichen Ma\u00df an Entspannung f\u00fchren, gepaart mit einem geistigen Gl\u00fccksgef\u00fchl, das f\u00fcr einen gro\u00dfartigen Ausklang des Tages sorgen wird. Der Geschmack ist eine Mischung aus erdigen, blumigen und s\u00fc\u00dfen Aromen, die jeden Anbauer begeistern wird.<\/p>","protected":false},"featured_media":2549,"comment_status":"open","ping_status":"closed","template":"","meta":[],"product_brand":[],"product_cat":[18],"product_tag":[],"class_list":{"0":"post-690","1":"product","2":"type-product","3":"status-publish","4":"has-post-thumbnail","6":"product_cat-feminizadas","8":"first","9":"instock","10":"taxable","11":"shipping-taxable","12":"purchasable","13":"product-type-variable","14":"rtwpvg-product"},"yoast_head":"<!-- This site is optimized with the Yoast SEO Premium plugin v26.3 (Yoast SEO v26.6) - https:\/\/yoast.com\/wordpress\/plugins\/seo\/ -->\n<title>Do-Si-Dos Cookies - 00 Seeds<\/title>\n<meta name=\"robots\" content=\"index, follow, max-snippet:-1, max-image-preview:large, max-video-preview:-1\" \/>\n<link rel=\"canonical\" href=\"https:\/\/00seeds.com\/de\/tienda\/feminizadas\/do-si-dos-cookies\/\" \/>\n<meta property=\"og:locale\" content=\"de_DE\" \/>\n<meta property=\"og:type\" content=\"article\" \/>\n<meta property=\"og:title\" content=\"Do-Si-Dos Cookies\" \/>\n<meta property=\"og:description\" content=\"Este h\u00edbrido nace de dos incre\u00edbles variedades californianas con una gran historia tras de s\u00ed.\u00a0Su madre, Girl Scout Cookies, proviene de la Bah\u00eda de San Francisco a partir de un h\u00edbrido entre Florida OG Kush y la legendaria F1 Durb. Entre sus efectos encontramos un efecto a nivel mental de gran positividad y felicidad. A nivel corporal produce un gran nivel de relajaci\u00f3n muscular que no te dejar\u00e1 indiferente. En cuanto al sabor se hallan matices de chocolate con toques a menta.\u00a0Su ascendencia, una Face Off nacida gracias a unos incre\u00edbles brotes de OG Kush que circulaban a trav\u00e9s de los mejores cultivadores de California all\u00e1 por los a\u00f1os 90, hace que la planta cuente con una gran predominancia Indica que produce unos efectos muy relajantes a nivel corporal unida a un olor y sabor dulces, terrosos y de pino.\u00a0Do-Si-Dos Cookies es un h\u00edbrido que une lo mejor de las dos cepas. Predominantemente Indica, lo que te llevar\u00e1 a un nivel de relajaci\u00f3n incre\u00edble unido a una felicidad mental que har\u00e1 que disfrutes de un gran final del d\u00eda. Su sabor es una mezcla entre aromas terrosos, florales y dulces que har\u00e1 las delicias de cualquier cultivador.\" \/>\n<meta property=\"og:url\" content=\"https:\/\/00seeds.com\/de\/tienda\/feminizadas\/do-si-dos-cookies\/\" \/>\n<meta property=\"og:site_name\" content=\"00 Seeds\" \/>\n<meta property=\"article:modified_time\" content=\"2026-03-18T15:31:04+00:00\" \/>\n<meta property=\"og:image\" content=\"https:\/\/00seeds.com\/web\/wp-content\/uploads\/2022\/05\/Do-Si-Dos-Cookies-2022.jpg\" \/>\n\t<meta property=\"og:image:width\" content=\"1827\" \/>\n\t<meta property=\"og:image:height\" content=\"2543\" \/>\n\t<meta property=\"og:image:type\" content=\"image\/jpeg\" \/>\n<meta name=\"twitter:card\" content=\"summary_large_image\" \/>\n<script type=\"application\/ld+json\" class=\"yoast-schema-graph\">{\"@context\":\"https:\/\/schema.org\",\"@graph\":[{\"@type\":\"WebPage\",\"@id\":\"https:\/\/00seeds.com\/tienda\/feminizadas\/do-si-dos-cookies\/\",\"url\":\"https:\/\/00seeds.com\/tienda\/feminizadas\/do-si-dos-cookies\/\",\"name\":\"Do-Si-Dos Cookies - 00 Seeds\",\"isPartOf\":{\"@id\":\"https:\/\/00seeds.com\/#website\"},\"primaryImageOfPage\":{\"@id\":\"https:\/\/00seeds.com\/tienda\/feminizadas\/do-si-dos-cookies\/#primaryimage\"},\"image\":{\"@id\":\"https:\/\/00seeds.com\/tienda\/feminizadas\/do-si-dos-cookies\/#primaryimage\"},\"thumbnailUrl\":\"https:\/\/00seeds.com\/web\/wp-content\/uploads\/2022\/05\/Do-Si-Dos-Cookies-2022.jpg\",\"datePublished\":\"2020-12-29T14:41:47+00:00\",\"dateModified\":\"2026-03-18T15:31:04+00:00\",\"breadcrumb\":{\"@id\":\"https:\/\/00seeds.com\/tienda\/feminizadas\/do-si-dos-cookies\/#breadcrumb\"},\"inLanguage\":\"de\",\"potentialAction\":[{\"@type\":\"ReadAction\",\"target\":[\"https:\/\/00seeds.com\/tienda\/feminizadas\/do-si-dos-cookies\/\"]}]},{\"@type\":\"ImageObject\",\"inLanguage\":\"de\",\"@id\":\"https:\/\/00seeds.com\/tienda\/feminizadas\/do-si-dos-cookies\/#primaryimage\",\"url\":\"https:\/\/00seeds.com\/web\/wp-content\/uploads\/2022\/05\/Do-Si-Dos-Cookies-2022.jpg\",\"contentUrl\":\"https:\/\/00seeds.com\/web\/wp-content\/uploads\/2022\/05\/Do-Si-Dos-Cookies-2022.jpg\",\"width\":1827,\"height\":2543,\"caption\":\"OLYMPUS DIGITAL CAMERA\"},{\"@type\":\"BreadcrumbList\",\"@id\":\"https:\/\/00seeds.com\/tienda\/feminizadas\/do-si-dos-cookies\/#breadcrumb\",\"itemListElement\":[{\"@type\":\"ListItem\",\"position\":1,\"name\":\"Home\",\"item\":\"https:\/\/00seeds.com\/\"},{\"@type\":\"ListItem\",\"position\":2,\"name\":\"Tienda\",\"item\":\"https:\/\/00seeds.com\/\"},{\"@type\":\"ListItem\",\"position\":3,\"name\":\"Do-Si-Dos Cookies\"}]},{\"@type\":\"WebSite\",\"@id\":\"https:\/\/00seeds.com\/#website\",\"url\":\"https:\/\/00seeds.com\/\",\"name\":\"00 Seeds\",\"description\":\"00 Seeds Bank - Feminized Indica Seeds\",\"publisher\":{\"@id\":\"https:\/\/00seeds.com\/#organization\"},\"potentialAction\":[{\"@type\":\"SearchAction\",\"target\":{\"@type\":\"EntryPoint\",\"urlTemplate\":\"https:\/\/00seeds.com\/?s={search_term_string}\"},\"query-input\":{\"@type\":\"PropertyValueSpecification\",\"valueRequired\":true,\"valueName\":\"search_term_string\"}}],\"inLanguage\":\"de\"},{\"@type\":\"Organization\",\"@id\":\"https:\/\/00seeds.com\/#organization\",\"name\":\"00 Seeds Bank\",\"url\":\"https:\/\/00seeds.com\/\",\"logo\":{\"@type\":\"ImageObject\",\"inLanguage\":\"de\",\"@id\":\"https:\/\/00seeds.com\/#\/schema\/logo\/image\/\",\"url\":\"https:\/\/00seeds.com\/web\/wp-content\/uploads\/2020\/11\/logo-00-seeds.png\",\"contentUrl\":\"https:\/\/00seeds.com\/web\/wp-content\/uploads\/2020\/11\/logo-00-seeds.png\",\"width\":332,\"height\":313,\"caption\":\"00 Seeds Bank\"},\"image\":{\"@id\":\"https:\/\/00seeds.com\/#\/schema\/logo\/image\/\"}}]}<\/script>\n<!-- \/ Yoast SEO Premium plugin. -->","yoast_head_json":{"title":"Do-Si-Two Kekse - 00 Saatgut","robots":{"index":"index","follow":"follow","max-snippet":"max-snippet:-1","max-image-preview":"max-image-preview:large","max-video-preview":"max-video-preview:-1"},"canonical":"https:\/\/00seeds.com\/de\/tienda\/feminizadas\/do-si-dos-cookies\/","og_locale":"de_DE","og_type":"article","og_title":"Do-Si-Dos Cookies","og_description":"Este h\u00edbrido nace de dos incre\u00edbles variedades californianas con una gran historia tras de s\u00ed.\u00a0Su madre, Girl Scout Cookies, proviene de la Bah\u00eda de San Francisco a partir de un h\u00edbrido entre Florida OG Kush y la legendaria F1 Durb. Entre sus efectos encontramos un efecto a nivel mental de gran positividad y felicidad. A nivel corporal produce un gran nivel de relajaci\u00f3n muscular que no te dejar\u00e1 indiferente. En cuanto al sabor se hallan matices de chocolate con toques a menta.\u00a0Su ascendencia, una Face Off nacida gracias a unos incre\u00edbles brotes de OG Kush que circulaban a trav\u00e9s de los mejores cultivadores de California all\u00e1 por los a\u00f1os 90, hace que la planta cuente con una gran predominancia Indica que produce unos efectos muy relajantes a nivel corporal unida a un olor y sabor dulces, terrosos y de pino.\u00a0Do-Si-Dos Cookies es un h\u00edbrido que une lo mejor de las dos cepas. Predominantemente Indica, lo que te llevar\u00e1 a un nivel de relajaci\u00f3n incre\u00edble unido a una felicidad mental que har\u00e1 que disfrutes de un gran final del d\u00eda. Su sabor es una mezcla entre aromas terrosos, florales y dulces que har\u00e1 las delicias de cualquier cultivador.","og_url":"https:\/\/00seeds.com\/de\/tienda\/feminizadas\/do-si-dos-cookies\/","og_site_name":"00 Seeds","article_modified_time":"2026-03-18T15:31:04+00:00","og_image":[{"width":1827,"height":2543,"url":"https:\/\/00seeds.com\/web\/wp-content\/uploads\/2022\/05\/Do-Si-Dos-Cookies-2022.jpg","type":"image\/jpeg"}],"twitter_card":"summary_large_image","schema":{"@context":"https:\/\/schema.org","@graph":[{"@type":"WebPage","@id":"https:\/\/00seeds.com\/tienda\/feminizadas\/do-si-dos-cookies\/","url":"https:\/\/00seeds.com\/tienda\/feminizadas\/do-si-dos-cookies\/","name":"Do-Si-Two Kekse - 00 Saatgut","isPartOf":{"@id":"https:\/\/00seeds.com\/#website"},"primaryImageOfPage":{"@id":"https:\/\/00seeds.com\/tienda\/feminizadas\/do-si-dos-cookies\/#primaryimage"},"image":{"@id":"https:\/\/00seeds.com\/tienda\/feminizadas\/do-si-dos-cookies\/#primaryimage"},"thumbnailUrl":"https:\/\/00seeds.com\/web\/wp-content\/uploads\/2022\/05\/Do-Si-Dos-Cookies-2022.jpg","datePublished":"2020-12-29T14:41:47+00:00","dateModified":"2026-03-18T15:31:04+00:00","breadcrumb":{"@id":"https:\/\/00seeds.com\/tienda\/feminizadas\/do-si-dos-cookies\/#breadcrumb"},"inLanguage":"de","potentialAction":[{"@type":"ReadAction","target":["https:\/\/00seeds.com\/tienda\/feminizadas\/do-si-dos-cookies\/"]}]},{"@type":"ImageObject","inLanguage":"de","@id":"https:\/\/00seeds.com\/tienda\/feminizadas\/do-si-dos-cookies\/#primaryimage","url":"https:\/\/00seeds.com\/web\/wp-content\/uploads\/2022\/05\/Do-Si-Dos-Cookies-2022.jpg","contentUrl":"https:\/\/00seeds.com\/web\/wp-content\/uploads\/2022\/05\/Do-Si-Dos-Cookies-2022.jpg","width":1827,"height":2543,"caption":"OLYMPUS DIGITAL CAMERA"},{"@type":"BreadcrumbList","@id":"https:\/\/00seeds.com\/tienda\/feminizadas\/do-si-dos-cookies\/#breadcrumb","itemListElement":[{"@type":"ListItem","position":1,"name":"Home","item":"https:\/\/00seeds.com\/"},{"@type":"ListItem","position":2,"name":"Tienda","item":"https:\/\/00seeds.com\/"},{"@type":"ListItem","position":3,"name":"Do-Si-Dos Cookies"}]},{"@type":"WebSite","@id":"https:\/\/00seeds.com\/#website","url":"https:\/\/00seeds.com\/","name":"00 Seeds","description":"00 Seeds Bank - Feminisierte Indica-Samen","publisher":{"@id":"https:\/\/00seeds.com\/#organization"},"potentialAction":[{"@type":"SearchAction","target":{"@type":"EntryPoint","urlTemplate":"https:\/\/00seeds.com\/?s={search_term_string}"},"query-input":{"@type":"PropertyValueSpecification","valueRequired":true,"valueName":"search_term_string"}}],"inLanguage":"de"},{"@type":"Organization","@id":"https:\/\/00seeds.com\/#organization","name":"00 Saatgut Bank","url":"https:\/\/00seeds.com\/","logo":{"@type":"ImageObject","inLanguage":"de","@id":"https:\/\/00seeds.com\/#\/schema\/logo\/image\/","url":"https:\/\/00seeds.com\/web\/wp-content\/uploads\/2020\/11\/logo-00-seeds.png","contentUrl":"https:\/\/00seeds.com\/web\/wp-content\/uploads\/2020\/11\/logo-00-seeds.png","width":332,"height":313,"caption":"00 Seeds Bank"},"image":{"@id":"https:\/\/00seeds.com\/#\/schema\/logo\/image\/"}}]}},"_links":{"self":[{"href":"https:\/\/00seeds.com\/de\/wp-json\/wp\/v2\/product\/690","targetHints":{"allow":["GET"]}}],"collection":[{"href":"https:\/\/00seeds.com\/de\/wp-json\/wp\/v2\/product"}],"about":[{"href":"https:\/\/00seeds.com\/de\/wp-json\/wp\/v2\/types\/product"}],"replies":[{"embeddable":true,"href":"https:\/\/00seeds.com\/de\/wp-json\/wp\/v2\/comments?post=690"}],"wp:featuredmedia":[{"embeddable":true,"href":"https:\/\/00seeds.com\/de\/wp-json\/wp\/v2\/media\/2549"}],"wp:attachment":[{"href":"https:\/\/00seeds.com\/de\/wp-json\/wp\/v2\/media?parent=690"}],"wp:term":[{"taxonomy":"product_brand","embeddable":true,"href":"https:\/\/00seeds.com\/de\/wp-json\/wp\/v2\/product_brand?post=690"},{"taxonomy":"product_cat","embeddable":true,"href":"https:\/\/00seeds.com\/de\/wp-json\/wp\/v2\/product_cat?post=690"},{"taxonomy":"product_tag","embeddable":true,"href":"https:\/\/00seeds.com\/de\/wp-json\/wp\/v2\/product_tag?post=690"}],"curies":[{"name":"wp","href":"https:\/\/api.w.org\/{rel}","templated":true}]}}