{"id":731,"date":"2020-12-31T11:43:23","date_gmt":"2020-12-31T10:43:23","guid":{"rendered":"https:\/\/00seeds.com\/web\/?post_type=product&#038;p=731"},"modified":"2026-03-18T17:31:04","modified_gmt":"2026-03-18T15:31:04","slug":"auto-00-cheese","status":"publish","type":"product","link":"https:\/\/00seeds.com\/de\/tienda\/automaticas\/auto-00-cheese\/","title":{"rendered":"Auto 00 Cheese"},"content":{"rendered":"<p>THC: 16%<\/p>\n<p>INTERIOR:<br \/>- Ausbeute: 400 - 500 gr\/m2<br \/>- Gesamtanbau: 65 - 70 Tage.<br \/>- H\u00f6he: 80 - 100 cm.<\/p>\n<p>\u00a0<\/p>\n<p>OUTSIDE:<br \/>- Ernte: April bis November<br \/>- H\u00f6he: 100 - 150 cm.<\/p>","protected":false},"excerpt":{"rendered":"<p>Automatische Version unserer 00 Cheese, sehr aromatisch und mit einem intensiven Geschmack von ger\u00e4uchertem K\u00e4se. Eine kr\u00e4ftige, leicht zu z\u00fcchtende Pflanze mit einer gro\u00dfen Produktion von l\u00e4nglichen, mit Harz bedeckten Knospen.<\/p>","protected":false},"featured_media":647,"comment_status":"open","ping_status":"closed","template":"","meta":[],"product_brand":[],"product_cat":[19],"product_tag":[],"class_list":{"0":"post-731","1":"product","2":"type-product","3":"status-publish","4":"has-post-thumbnail","6":"product_cat-automaticas","8":"first","9":"instock","10":"taxable","11":"shipping-taxable","12":"purchasable","13":"product-type-variable","14":"rtwpvg-product"},"yoast_head":"<!-- This site is optimized with the Yoast SEO Premium plugin v26.3 (Yoast SEO v26.6) - https:\/\/yoast.com\/wordpress\/plugins\/seo\/ -->\n<title>Auto 00 Cheese - 00 Seeds<\/title>\n<meta name=\"robots\" content=\"index, follow, max-snippet:-1, max-image-preview:large, max-video-preview:-1\" \/>\n<link rel=\"canonical\" href=\"https:\/\/00seeds.com\/de\/tienda\/automaticas\/auto-00-cheese\/\" \/>\n<meta property=\"og:locale\" content=\"de_DE\" \/>\n<meta property=\"og:type\" content=\"article\" \/>\n<meta property=\"og:title\" content=\"Auto 00 Cheese\" \/>\n<meta property=\"og:description\" content=\"Versi\u00f3n autom\u00e1tica de nuestra 00 Cheese, muy arom\u00e1tica y con un sabor intenso a queso curado. Una planta vigorosa de f\u00e1cil cultivo, con una gran producci\u00f3n de cogollos alargados cubiertos de resina.\" \/>\n<meta property=\"og:url\" content=\"https:\/\/00seeds.com\/de\/tienda\/automaticas\/auto-00-cheese\/\" \/>\n<meta property=\"og:site_name\" content=\"00 Seeds\" \/>\n<meta property=\"article:modified_time\" content=\"2026-03-18T15:31:04+00:00\" \/>\n<meta property=\"og:image\" content=\"https:\/\/00seeds.com\/web\/wp-content\/uploads\/2020\/11\/Auto-00-Cheese.jpg\" \/>\n\t<meta property=\"og:image:width\" content=\"703\" \/>\n\t<meta property=\"og:image:height\" content=\"1000\" \/>\n\t<meta property=\"og:image:type\" content=\"image\/jpeg\" \/>\n<meta name=\"twitter:card\" content=\"summary_large_image\" \/>\n<script type=\"application\/ld+json\" class=\"yoast-schema-graph\">{\"@context\":\"https:\/\/schema.org\",\"@graph\":[{\"@type\":\"WebPage\",\"@id\":\"https:\/\/00seeds.com\/tienda\/automaticas\/auto-00-cheese\/\",\"url\":\"https:\/\/00seeds.com\/tienda\/automaticas\/auto-00-cheese\/\",\"name\":\"Auto 00 Cheese - 00 Seeds\",\"isPartOf\":{\"@id\":\"https:\/\/00seeds.com\/#website\"},\"primaryImageOfPage\":{\"@id\":\"https:\/\/00seeds.com\/tienda\/automaticas\/auto-00-cheese\/#primaryimage\"},\"image\":{\"@id\":\"https:\/\/00seeds.com\/tienda\/automaticas\/auto-00-cheese\/#primaryimage\"},\"thumbnailUrl\":\"https:\/\/00seeds.com\/web\/wp-content\/uploads\/2020\/11\/Auto-00-Cheese.jpg\",\"datePublished\":\"2020-12-31T10:43:23+00:00\",\"dateModified\":\"2026-03-18T15:31:04+00:00\",\"breadcrumb\":{\"@id\":\"https:\/\/00seeds.com\/tienda\/automaticas\/auto-00-cheese\/#breadcrumb\"},\"inLanguage\":\"de\",\"potentialAction\":[{\"@type\":\"ReadAction\",\"target\":[\"https:\/\/00seeds.com\/tienda\/automaticas\/auto-00-cheese\/\"]}]},{\"@type\":\"ImageObject\",\"inLanguage\":\"de\",\"@id\":\"https:\/\/00seeds.com\/tienda\/automaticas\/auto-00-cheese\/#primaryimage\",\"url\":\"https:\/\/00seeds.com\/web\/wp-content\/uploads\/2020\/11\/Auto-00-Cheese.jpg\",\"contentUrl\":\"https:\/\/00seeds.com\/web\/wp-content\/uploads\/2020\/11\/Auto-00-Cheese.jpg\",\"width\":703,\"height\":1000},{\"@type\":\"BreadcrumbList\",\"@id\":\"https:\/\/00seeds.com\/tienda\/automaticas\/auto-00-cheese\/#breadcrumb\",\"itemListElement\":[{\"@type\":\"ListItem\",\"position\":1,\"name\":\"Home\",\"item\":\"https:\/\/00seeds.com\/\"},{\"@type\":\"ListItem\",\"position\":2,\"name\":\"Tienda\",\"item\":\"https:\/\/00seeds.com\/\"},{\"@type\":\"ListItem\",\"position\":3,\"name\":\"Auto 00 Cheese\"}]},{\"@type\":\"WebSite\",\"@id\":\"https:\/\/00seeds.com\/#website\",\"url\":\"https:\/\/00seeds.com\/\",\"name\":\"00 Seeds\",\"description\":\"00 Seeds Bank - Feminized Indica Seeds\",\"publisher\":{\"@id\":\"https:\/\/00seeds.com\/#organization\"},\"potentialAction\":[{\"@type\":\"SearchAction\",\"target\":{\"@type\":\"EntryPoint\",\"urlTemplate\":\"https:\/\/00seeds.com\/?s={search_term_string}\"},\"query-input\":{\"@type\":\"PropertyValueSpecification\",\"valueRequired\":true,\"valueName\":\"search_term_string\"}}],\"inLanguage\":\"de\"},{\"@type\":\"Organization\",\"@id\":\"https:\/\/00seeds.com\/#organization\",\"name\":\"00 Seeds Bank\",\"url\":\"https:\/\/00seeds.com\/\",\"logo\":{\"@type\":\"ImageObject\",\"inLanguage\":\"de\",\"@id\":\"https:\/\/00seeds.com\/#\/schema\/logo\/image\/\",\"url\":\"https:\/\/00seeds.com\/web\/wp-content\/uploads\/2020\/11\/logo-00-seeds.png\",\"contentUrl\":\"https:\/\/00seeds.com\/web\/wp-content\/uploads\/2020\/11\/logo-00-seeds.png\",\"width\":332,\"height\":313,\"caption\":\"00 Seeds Bank\"},\"image\":{\"@id\":\"https:\/\/00seeds.com\/#\/schema\/logo\/image\/\"}}]}<\/script>\n<!-- \/ Yoast SEO Premium plugin. -->","yoast_head_json":{"title":"Auto 00 K\u00e4se - 00 Saatgut","robots":{"index":"index","follow":"follow","max-snippet":"max-snippet:-1","max-image-preview":"max-image-preview:large","max-video-preview":"max-video-preview:-1"},"canonical":"https:\/\/00seeds.com\/de\/tienda\/automaticas\/auto-00-cheese\/","og_locale":"de_DE","og_type":"article","og_title":"Auto 00 Cheese","og_description":"Versi\u00f3n autom\u00e1tica de nuestra 00 Cheese, muy arom\u00e1tica y con un sabor intenso a queso curado. Una planta vigorosa de f\u00e1cil cultivo, con una gran producci\u00f3n de cogollos alargados cubiertos de resina.","og_url":"https:\/\/00seeds.com\/de\/tienda\/automaticas\/auto-00-cheese\/","og_site_name":"00 Seeds","article_modified_time":"2026-03-18T15:31:04+00:00","og_image":[{"width":703,"height":1000,"url":"https:\/\/00seeds.com\/web\/wp-content\/uploads\/2020\/11\/Auto-00-Cheese.jpg","type":"image\/jpeg"}],"twitter_card":"summary_large_image","schema":{"@context":"https:\/\/schema.org","@graph":[{"@type":"WebPage","@id":"https:\/\/00seeds.com\/tienda\/automaticas\/auto-00-cheese\/","url":"https:\/\/00seeds.com\/tienda\/automaticas\/auto-00-cheese\/","name":"Auto 00 K\u00e4se - 00 Saatgut","isPartOf":{"@id":"https:\/\/00seeds.com\/#website"},"primaryImageOfPage":{"@id":"https:\/\/00seeds.com\/tienda\/automaticas\/auto-00-cheese\/#primaryimage"},"image":{"@id":"https:\/\/00seeds.com\/tienda\/automaticas\/auto-00-cheese\/#primaryimage"},"thumbnailUrl":"https:\/\/00seeds.com\/web\/wp-content\/uploads\/2020\/11\/Auto-00-Cheese.jpg","datePublished":"2020-12-31T10:43:23+00:00","dateModified":"2026-03-18T15:31:04+00:00","breadcrumb":{"@id":"https:\/\/00seeds.com\/tienda\/automaticas\/auto-00-cheese\/#breadcrumb"},"inLanguage":"de","potentialAction":[{"@type":"ReadAction","target":["https:\/\/00seeds.com\/tienda\/automaticas\/auto-00-cheese\/"]}]},{"@type":"ImageObject","inLanguage":"de","@id":"https:\/\/00seeds.com\/tienda\/automaticas\/auto-00-cheese\/#primaryimage","url":"https:\/\/00seeds.com\/web\/wp-content\/uploads\/2020\/11\/Auto-00-Cheese.jpg","contentUrl":"https:\/\/00seeds.com\/web\/wp-content\/uploads\/2020\/11\/Auto-00-Cheese.jpg","width":703,"height":1000},{"@type":"BreadcrumbList","@id":"https:\/\/00seeds.com\/tienda\/automaticas\/auto-00-cheese\/#breadcrumb","itemListElement":[{"@type":"ListItem","position":1,"name":"Home","item":"https:\/\/00seeds.com\/"},{"@type":"ListItem","position":2,"name":"Tienda","item":"https:\/\/00seeds.com\/"},{"@type":"ListItem","position":3,"name":"Auto 00 Cheese"}]},{"@type":"WebSite","@id":"https:\/\/00seeds.com\/#website","url":"https:\/\/00seeds.com\/","name":"00 Seeds","description":"00 Seeds Bank - Feminisierte Indica-Samen","publisher":{"@id":"https:\/\/00seeds.com\/#organization"},"potentialAction":[{"@type":"SearchAction","target":{"@type":"EntryPoint","urlTemplate":"https:\/\/00seeds.com\/?s={search_term_string}"},"query-input":{"@type":"PropertyValueSpecification","valueRequired":true,"valueName":"search_term_string"}}],"inLanguage":"de"},{"@type":"Organization","@id":"https:\/\/00seeds.com\/#organization","name":"00 Saatgut Bank","url":"https:\/\/00seeds.com\/","logo":{"@type":"ImageObject","inLanguage":"de","@id":"https:\/\/00seeds.com\/#\/schema\/logo\/image\/","url":"https:\/\/00seeds.com\/web\/wp-content\/uploads\/2020\/11\/logo-00-seeds.png","contentUrl":"https:\/\/00seeds.com\/web\/wp-content\/uploads\/2020\/11\/logo-00-seeds.png","width":332,"height":313,"caption":"00 Seeds Bank"},"image":{"@id":"https:\/\/00seeds.com\/#\/schema\/logo\/image\/"}}]}},"_links":{"self":[{"href":"https:\/\/00seeds.com\/de\/wp-json\/wp\/v2\/product\/731","targetHints":{"allow":["GET"]}}],"collection":[{"href":"https:\/\/00seeds.com\/de\/wp-json\/wp\/v2\/product"}],"about":[{"href":"https:\/\/00seeds.com\/de\/wp-json\/wp\/v2\/types\/product"}],"replies":[{"embeddable":true,"href":"https:\/\/00seeds.com\/de\/wp-json\/wp\/v2\/comments?post=731"}],"wp:featuredmedia":[{"embeddable":true,"href":"https:\/\/00seeds.com\/de\/wp-json\/wp\/v2\/media\/647"}],"wp:attachment":[{"href":"https:\/\/00seeds.com\/de\/wp-json\/wp\/v2\/media?parent=731"}],"wp:term":[{"taxonomy":"product_brand","embeddable":true,"href":"https:\/\/00seeds.com\/de\/wp-json\/wp\/v2\/product_brand?post=731"},{"taxonomy":"product_cat","embeddable":true,"href":"https:\/\/00seeds.com\/de\/wp-json\/wp\/v2\/product_cat?post=731"},{"taxonomy":"product_tag","embeddable":true,"href":"https:\/\/00seeds.com\/de\/wp-json\/wp\/v2\/product_tag?post=731"}],"curies":[{"name":"wp","href":"https:\/\/api.w.org\/{rel}","templated":true}]}}