{"id":288,"date":"2020-11-27T11:43:49","date_gmt":"2020-11-27T10:43:49","guid":{"rendered":"https:\/\/00seeds.com\/web\/?post_type=product&#038;p=288"},"modified":"2026-03-18T17:31:04","modified_gmt":"2026-03-18T15:31:04","slug":"00-kush","status":"publish","type":"product","link":"https:\/\/00seeds.com\/en\/tienda\/feminizadas\/00-kush\/","title":{"rendered":"00 Kush"},"content":{"rendered":"<p>THC: 22%<\/p>\n<p>INTERIOR:<br \/>\n- Yield: 400 - 500 gr\/m2<br \/>\n- Flowering period: 55 - 60 days.<br \/>\n- Height: 80 - 100 cm.<\/p>\n<p>OUTSIDE:<br \/>\n- Harvest: Mid-October.<br \/>\n- Height: 200 - 250 cm.<\/p>","protected":false},"excerpt":{"rendered":"<p>A cross of the best Indica genetics stabilised in Northern California. It develops dense and resinous buds. Intense citrus aroma with sweet undertones, physically and mentally devastating. Little branched, ideal for small spaces.<\/p>","protected":false},"featured_media":381,"comment_status":"open","ping_status":"closed","template":"","meta":[],"product_brand":[],"product_cat":[18],"product_tag":[],"class_list":{"0":"post-288","1":"product","2":"type-product","3":"status-publish","4":"has-post-thumbnail","6":"product_cat-feminizadas","8":"first","9":"instock","10":"featured","11":"taxable","12":"shipping-taxable","13":"purchasable","14":"product-type-variable","15":"rtwpvg-product"},"yoast_head":"<!-- This site is optimized with the Yoast SEO Premium plugin v26.3 (Yoast SEO v26.6) - https:\/\/yoast.com\/wordpress\/plugins\/seo\/ -->\n<title>00 Kush - 00 Seeds<\/title>\n<meta name=\"robots\" content=\"index, follow, max-snippet:-1, max-image-preview:large, max-video-preview:-1\" \/>\n<link rel=\"canonical\" href=\"https:\/\/00seeds.com\/en\/tienda\/feminizadas\/00-kush\/\" \/>\n<meta property=\"og:locale\" content=\"en_GB\" \/>\n<meta property=\"og:type\" content=\"article\" \/>\n<meta property=\"og:title\" content=\"00 Kush\" \/>\n<meta property=\"og:description\" content=\"Cruce de las mejores gen\u00e9ticas Indicas estabilizadas en el norte de California. Desarrolla cogollos densos y resinosos. Aroma intenso a c\u00edtricos con matices dulces, demoledora a nivel f\u00edsico y mental. Poco ramificada, ideal para espacios reducidos.\" \/>\n<meta property=\"og:url\" content=\"https:\/\/00seeds.com\/en\/tienda\/feminizadas\/00-kush\/\" \/>\n<meta property=\"og:site_name\" content=\"00 Seeds\" \/>\n<meta property=\"article:modified_time\" content=\"2026-03-18T15:31:04+00:00\" \/>\n<meta property=\"og:image\" content=\"https:\/\/00seeds.com\/web\/wp-content\/uploads\/2020\/11\/00-Kush.jpg\" \/>\n\t<meta property=\"og:image:width\" content=\"703\" \/>\n\t<meta property=\"og:image:height\" content=\"1000\" \/>\n\t<meta property=\"og:image:type\" content=\"image\/jpeg\" \/>\n<meta name=\"twitter:card\" content=\"summary_large_image\" \/>\n<script type=\"application\/ld+json\" class=\"yoast-schema-graph\">{\"@context\":\"https:\/\/schema.org\",\"@graph\":[{\"@type\":\"WebPage\",\"@id\":\"https:\/\/00seeds.com\/en\/tienda\/feminizadas\/00-kush\/\",\"url\":\"https:\/\/00seeds.com\/en\/tienda\/feminizadas\/00-kush\/\",\"name\":\"00 Kush - 00 Seeds\",\"isPartOf\":{\"@id\":\"https:\/\/00seeds.com\/#website\"},\"primaryImageOfPage\":{\"@id\":\"https:\/\/00seeds.com\/en\/tienda\/feminizadas\/00-kush\/#primaryimage\"},\"image\":{\"@id\":\"https:\/\/00seeds.com\/en\/tienda\/feminizadas\/00-kush\/#primaryimage\"},\"thumbnailUrl\":\"https:\/\/00seeds.com\/web\/wp-content\/uploads\/2020\/11\/00-Kush.jpg\",\"datePublished\":\"2020-11-27T10:43:49+00:00\",\"dateModified\":\"2026-03-18T15:31:04+00:00\",\"breadcrumb\":{\"@id\":\"https:\/\/00seeds.com\/en\/tienda\/feminizadas\/00-kush\/#breadcrumb\"},\"inLanguage\":\"en-GB\",\"potentialAction\":[{\"@type\":\"ReadAction\",\"target\":[\"https:\/\/00seeds.com\/en\/tienda\/feminizadas\/00-kush\/\"]}]},{\"@type\":\"ImageObject\",\"inLanguage\":\"en-GB\",\"@id\":\"https:\/\/00seeds.com\/en\/tienda\/feminizadas\/00-kush\/#primaryimage\",\"url\":\"https:\/\/00seeds.com\/web\/wp-content\/uploads\/2020\/11\/00-Kush.jpg\",\"contentUrl\":\"https:\/\/00seeds.com\/web\/wp-content\/uploads\/2020\/11\/00-Kush.jpg\",\"width\":703,\"height\":1000},{\"@type\":\"BreadcrumbList\",\"@id\":\"https:\/\/00seeds.com\/en\/tienda\/feminizadas\/00-kush\/#breadcrumb\",\"itemListElement\":[{\"@type\":\"ListItem\",\"position\":1,\"name\":\"Home\",\"item\":\"https:\/\/00seeds.com\/\"},{\"@type\":\"ListItem\",\"position\":2,\"name\":\"Tienda\",\"item\":\"https:\/\/00seeds.com\/\"},{\"@type\":\"ListItem\",\"position\":3,\"name\":\"00 Kush\"}]},{\"@type\":\"WebSite\",\"@id\":\"https:\/\/00seeds.com\/#website\",\"url\":\"https:\/\/00seeds.com\/\",\"name\":\"00 Seeds\",\"description\":\"00 Seeds Bank - Feminized Indica Seeds\",\"publisher\":{\"@id\":\"https:\/\/00seeds.com\/#organization\"},\"potentialAction\":[{\"@type\":\"SearchAction\",\"target\":{\"@type\":\"EntryPoint\",\"urlTemplate\":\"https:\/\/00seeds.com\/?s={search_term_string}\"},\"query-input\":{\"@type\":\"PropertyValueSpecification\",\"valueRequired\":true,\"valueName\":\"search_term_string\"}}],\"inLanguage\":\"en-GB\"},{\"@type\":\"Organization\",\"@id\":\"https:\/\/00seeds.com\/#organization\",\"name\":\"00 Seeds Bank\",\"url\":\"https:\/\/00seeds.com\/\",\"logo\":{\"@type\":\"ImageObject\",\"inLanguage\":\"en-GB\",\"@id\":\"https:\/\/00seeds.com\/#\/schema\/logo\/image\/\",\"url\":\"https:\/\/00seeds.com\/web\/wp-content\/uploads\/2020\/11\/logo-00-seeds.png\",\"contentUrl\":\"https:\/\/00seeds.com\/web\/wp-content\/uploads\/2020\/11\/logo-00-seeds.png\",\"width\":332,\"height\":313,\"caption\":\"00 Seeds Bank\"},\"image\":{\"@id\":\"https:\/\/00seeds.com\/#\/schema\/logo\/image\/\"}}]}<\/script>\n<!-- \/ Yoast SEO Premium plugin. -->","yoast_head_json":{"title":"00 Kush - 00 Seeds","robots":{"index":"index","follow":"follow","max-snippet":"max-snippet:-1","max-image-preview":"max-image-preview:large","max-video-preview":"max-video-preview:-1"},"canonical":"https:\/\/00seeds.com\/en\/tienda\/feminizadas\/00-kush\/","og_locale":"en_GB","og_type":"article","og_title":"00 Kush","og_description":"Cruce de las mejores gen\u00e9ticas Indicas estabilizadas en el norte de California. Desarrolla cogollos densos y resinosos. Aroma intenso a c\u00edtricos con matices dulces, demoledora a nivel f\u00edsico y mental. Poco ramificada, ideal para espacios reducidos.","og_url":"https:\/\/00seeds.com\/en\/tienda\/feminizadas\/00-kush\/","og_site_name":"00 Seeds","article_modified_time":"2026-03-18T15:31:04+00:00","og_image":[{"width":703,"height":1000,"url":"https:\/\/00seeds.com\/web\/wp-content\/uploads\/2020\/11\/00-Kush.jpg","type":"image\/jpeg"}],"twitter_card":"summary_large_image","schema":{"@context":"https:\/\/schema.org","@graph":[{"@type":"WebPage","@id":"https:\/\/00seeds.com\/en\/tienda\/feminizadas\/00-kush\/","url":"https:\/\/00seeds.com\/en\/tienda\/feminizadas\/00-kush\/","name":"00 Kush - 00 Seeds","isPartOf":{"@id":"https:\/\/00seeds.com\/#website"},"primaryImageOfPage":{"@id":"https:\/\/00seeds.com\/en\/tienda\/feminizadas\/00-kush\/#primaryimage"},"image":{"@id":"https:\/\/00seeds.com\/en\/tienda\/feminizadas\/00-kush\/#primaryimage"},"thumbnailUrl":"https:\/\/00seeds.com\/web\/wp-content\/uploads\/2020\/11\/00-Kush.jpg","datePublished":"2020-11-27T10:43:49+00:00","dateModified":"2026-03-18T15:31:04+00:00","breadcrumb":{"@id":"https:\/\/00seeds.com\/en\/tienda\/feminizadas\/00-kush\/#breadcrumb"},"inLanguage":"en-GB","potentialAction":[{"@type":"ReadAction","target":["https:\/\/00seeds.com\/en\/tienda\/feminizadas\/00-kush\/"]}]},{"@type":"ImageObject","inLanguage":"en-GB","@id":"https:\/\/00seeds.com\/en\/tienda\/feminizadas\/00-kush\/#primaryimage","url":"https:\/\/00seeds.com\/web\/wp-content\/uploads\/2020\/11\/00-Kush.jpg","contentUrl":"https:\/\/00seeds.com\/web\/wp-content\/uploads\/2020\/11\/00-Kush.jpg","width":703,"height":1000},{"@type":"BreadcrumbList","@id":"https:\/\/00seeds.com\/en\/tienda\/feminizadas\/00-kush\/#breadcrumb","itemListElement":[{"@type":"ListItem","position":1,"name":"Home","item":"https:\/\/00seeds.com\/"},{"@type":"ListItem","position":2,"name":"Tienda","item":"https:\/\/00seeds.com\/"},{"@type":"ListItem","position":3,"name":"00 Kush"}]},{"@type":"WebSite","@id":"https:\/\/00seeds.com\/#website","url":"https:\/\/00seeds.com\/","name":"00 Seeds","description":"00 Seeds Bank - Feminized Indica Seeds","publisher":{"@id":"https:\/\/00seeds.com\/#organization"},"potentialAction":[{"@type":"SearchAction","target":{"@type":"EntryPoint","urlTemplate":"https:\/\/00seeds.com\/?s={search_term_string}"},"query-input":{"@type":"PropertyValueSpecification","valueRequired":true,"valueName":"search_term_string"}}],"inLanguage":"en-GB"},{"@type":"Organization","@id":"https:\/\/00seeds.com\/#organization","name":"00 Seeds Bank","url":"https:\/\/00seeds.com\/","logo":{"@type":"ImageObject","inLanguage":"en-GB","@id":"https:\/\/00seeds.com\/#\/schema\/logo\/image\/","url":"https:\/\/00seeds.com\/web\/wp-content\/uploads\/2020\/11\/logo-00-seeds.png","contentUrl":"https:\/\/00seeds.com\/web\/wp-content\/uploads\/2020\/11\/logo-00-seeds.png","width":332,"height":313,"caption":"00 Seeds Bank"},"image":{"@id":"https:\/\/00seeds.com\/#\/schema\/logo\/image\/"}}]}},"_links":{"self":[{"href":"https:\/\/00seeds.com\/en\/wp-json\/wp\/v2\/product\/288","targetHints":{"allow":["GET"]}}],"collection":[{"href":"https:\/\/00seeds.com\/en\/wp-json\/wp\/v2\/product"}],"about":[{"href":"https:\/\/00seeds.com\/en\/wp-json\/wp\/v2\/types\/product"}],"replies":[{"embeddable":true,"href":"https:\/\/00seeds.com\/en\/wp-json\/wp\/v2\/comments?post=288"}],"wp:featuredmedia":[{"embeddable":true,"href":"https:\/\/00seeds.com\/en\/wp-json\/wp\/v2\/media\/381"}],"wp:attachment":[{"href":"https:\/\/00seeds.com\/en\/wp-json\/wp\/v2\/media?parent=288"}],"wp:term":[{"taxonomy":"product_brand","embeddable":true,"href":"https:\/\/00seeds.com\/en\/wp-json\/wp\/v2\/product_brand?post=288"},{"taxonomy":"product_cat","embeddable":true,"href":"https:\/\/00seeds.com\/en\/wp-json\/wp\/v2\/product_cat?post=288"},{"taxonomy":"product_tag","embeddable":true,"href":"https:\/\/00seeds.com\/en\/wp-json\/wp\/v2\/product_tag?post=288"}],"curies":[{"name":"wp","href":"https:\/\/api.w.org\/{rel}","templated":true}]}}