{"id":685,"date":"2020-12-29T15:41:24","date_gmt":"2020-12-29T14:41:24","guid":{"rendered":"https:\/\/00seeds.com\/web\/?post_type=product&#038;p=685"},"modified":"2026-03-18T17:31:04","modified_gmt":"2026-03-18T15:31:04","slug":"critical-poison-fast","status":"publish","type":"product","link":"https:\/\/00seeds.com\/en\/tienda\/feminizadas\/critical-poison-fast\/","title":{"rendered":"Critical Poison Fast"},"content":{"rendered":"<p>THC: 18%<\/p>\n<p>INTERIOR:<br \/>- Yield: 500 - 600 gr\/m2<br \/>- Harvest from seed: 40 - 45 days.<br \/>- Height: 70 - 90 cm.<\/p>\n<p>OUTSIDE:<br \/>- Growing season: 25 to 30 August.<br \/>- Height: 180 - 250 cm.<\/p>\n<div>\u00a0<\/div>","protected":false},"excerpt":{"rendered":"<p>Early version of our Critical Poison, which brings forward the harvest up to two weeks outdoors, also having a faster indoor cultivation. Fast growing and vigorous plant recommended for humid climates in which it is very important to harvest before the autumn rains arrive to avoid losses due to botrytis.<\/p>","protected":false},"featured_media":596,"comment_status":"open","ping_status":"closed","template":"","meta":[],"product_brand":[],"product_cat":[18],"product_tag":[],"class_list":{"0":"post-685","1":"product","2":"type-product","3":"status-publish","4":"has-post-thumbnail","6":"product_cat-feminizadas","8":"first","9":"instock","10":"taxable","11":"shipping-taxable","12":"purchasable","13":"product-type-variable","14":"rtwpvg-product"},"yoast_head":"<!-- This site is optimized with the Yoast SEO Premium plugin v26.3 (Yoast SEO v26.6) - https:\/\/yoast.com\/wordpress\/plugins\/seo\/ -->\n<title>Critical Poison Fast - 00 Seeds<\/title>\n<meta name=\"robots\" content=\"index, follow, max-snippet:-1, max-image-preview:large, max-video-preview:-1\" \/>\n<link rel=\"canonical\" href=\"https:\/\/00seeds.com\/en\/tienda\/feminizadas\/critical-poison-fast\/\" \/>\n<meta property=\"og:locale\" content=\"en_GB\" \/>\n<meta property=\"og:type\" content=\"article\" \/>\n<meta property=\"og:title\" content=\"Critical Poison Fast\" \/>\n<meta property=\"og:description\" content=\"Versi\u00f3n temprana de nuestra Critical Poison, que adelanta en exterior hasta\u00a0 dos semanas la cosecha, teniendo tambi\u00e9n una mayor rapidez en el cultivo de interior. Planta de crecimiento r\u00e1pido y vigoroso recomendada para climas h\u00famedos en los cuales toma una gran importancia cosechar antes de que lleguen las lluvias del oto\u00f1o para evitar p\u00e9rdidas por botrytis .\" \/>\n<meta property=\"og:url\" content=\"https:\/\/00seeds.com\/en\/tienda\/feminizadas\/critical-poison-fast\/\" \/>\n<meta property=\"og:site_name\" content=\"00 Seeds\" \/>\n<meta property=\"article:modified_time\" content=\"2026-03-18T15:31:04+00:00\" \/>\n<meta property=\"og:image\" content=\"https:\/\/00seeds.com\/web\/wp-content\/uploads\/2020\/11\/Critical-Poison-Fast.jpg\" \/>\n\t<meta property=\"og:image:width\" content=\"703\" \/>\n\t<meta property=\"og:image:height\" content=\"1000\" \/>\n\t<meta property=\"og:image:type\" content=\"image\/jpeg\" \/>\n<meta name=\"twitter:card\" content=\"summary_large_image\" \/>\n<script type=\"application\/ld+json\" class=\"yoast-schema-graph\">{\"@context\":\"https:\/\/schema.org\",\"@graph\":[{\"@type\":\"WebPage\",\"@id\":\"https:\/\/00seeds.com\/tienda\/feminizadas\/critical-poison-fast\/\",\"url\":\"https:\/\/00seeds.com\/tienda\/feminizadas\/critical-poison-fast\/\",\"name\":\"Critical Poison Fast - 00 Seeds\",\"isPartOf\":{\"@id\":\"https:\/\/00seeds.com\/#website\"},\"primaryImageOfPage\":{\"@id\":\"https:\/\/00seeds.com\/tienda\/feminizadas\/critical-poison-fast\/#primaryimage\"},\"image\":{\"@id\":\"https:\/\/00seeds.com\/tienda\/feminizadas\/critical-poison-fast\/#primaryimage\"},\"thumbnailUrl\":\"https:\/\/00seeds.com\/web\/wp-content\/uploads\/2020\/11\/Critical-Poison-Fast.jpg\",\"datePublished\":\"2020-12-29T14:41:24+00:00\",\"dateModified\":\"2026-03-18T15:31:04+00:00\",\"breadcrumb\":{\"@id\":\"https:\/\/00seeds.com\/tienda\/feminizadas\/critical-poison-fast\/#breadcrumb\"},\"inLanguage\":\"en-GB\",\"potentialAction\":[{\"@type\":\"ReadAction\",\"target\":[\"https:\/\/00seeds.com\/tienda\/feminizadas\/critical-poison-fast\/\"]}]},{\"@type\":\"ImageObject\",\"inLanguage\":\"en-GB\",\"@id\":\"https:\/\/00seeds.com\/tienda\/feminizadas\/critical-poison-fast\/#primaryimage\",\"url\":\"https:\/\/00seeds.com\/web\/wp-content\/uploads\/2020\/11\/Critical-Poison-Fast.jpg\",\"contentUrl\":\"https:\/\/00seeds.com\/web\/wp-content\/uploads\/2020\/11\/Critical-Poison-Fast.jpg\",\"width\":703,\"height\":1000},{\"@type\":\"BreadcrumbList\",\"@id\":\"https:\/\/00seeds.com\/tienda\/feminizadas\/critical-poison-fast\/#breadcrumb\",\"itemListElement\":[{\"@type\":\"ListItem\",\"position\":1,\"name\":\"Home\",\"item\":\"https:\/\/00seeds.com\/\"},{\"@type\":\"ListItem\",\"position\":2,\"name\":\"Tienda\",\"item\":\"https:\/\/00seeds.com\/\"},{\"@type\":\"ListItem\",\"position\":3,\"name\":\"Critical Poison Fast\"}]},{\"@type\":\"WebSite\",\"@id\":\"https:\/\/00seeds.com\/#website\",\"url\":\"https:\/\/00seeds.com\/\",\"name\":\"00 Seeds\",\"description\":\"00 Seeds Bank - Feminized Indica Seeds\",\"publisher\":{\"@id\":\"https:\/\/00seeds.com\/#organization\"},\"potentialAction\":[{\"@type\":\"SearchAction\",\"target\":{\"@type\":\"EntryPoint\",\"urlTemplate\":\"https:\/\/00seeds.com\/?s={search_term_string}\"},\"query-input\":{\"@type\":\"PropertyValueSpecification\",\"valueRequired\":true,\"valueName\":\"search_term_string\"}}],\"inLanguage\":\"en-GB\"},{\"@type\":\"Organization\",\"@id\":\"https:\/\/00seeds.com\/#organization\",\"name\":\"00 Seeds Bank\",\"url\":\"https:\/\/00seeds.com\/\",\"logo\":{\"@type\":\"ImageObject\",\"inLanguage\":\"en-GB\",\"@id\":\"https:\/\/00seeds.com\/#\/schema\/logo\/image\/\",\"url\":\"https:\/\/00seeds.com\/web\/wp-content\/uploads\/2020\/11\/logo-00-seeds.png\",\"contentUrl\":\"https:\/\/00seeds.com\/web\/wp-content\/uploads\/2020\/11\/logo-00-seeds.png\",\"width\":332,\"height\":313,\"caption\":\"00 Seeds Bank\"},\"image\":{\"@id\":\"https:\/\/00seeds.com\/#\/schema\/logo\/image\/\"}}]}<\/script>\n<!-- \/ Yoast SEO Premium plugin. -->","yoast_head_json":{"title":"Critical Poison Fast - 00 Seeds","robots":{"index":"index","follow":"follow","max-snippet":"max-snippet:-1","max-image-preview":"max-image-preview:large","max-video-preview":"max-video-preview:-1"},"canonical":"https:\/\/00seeds.com\/en\/tienda\/feminizadas\/critical-poison-fast\/","og_locale":"en_GB","og_type":"article","og_title":"Critical Poison Fast","og_description":"Versi\u00f3n temprana de nuestra Critical Poison, que adelanta en exterior hasta\u00a0 dos semanas la cosecha, teniendo tambi\u00e9n una mayor rapidez en el cultivo de interior. Planta de crecimiento r\u00e1pido y vigoroso recomendada para climas h\u00famedos en los cuales toma una gran importancia cosechar antes de que lleguen las lluvias del oto\u00f1o para evitar p\u00e9rdidas por botrytis .","og_url":"https:\/\/00seeds.com\/en\/tienda\/feminizadas\/critical-poison-fast\/","og_site_name":"00 Seeds","article_modified_time":"2026-03-18T15:31:04+00:00","og_image":[{"width":703,"height":1000,"url":"https:\/\/00seeds.com\/web\/wp-content\/uploads\/2020\/11\/Critical-Poison-Fast.jpg","type":"image\/jpeg"}],"twitter_card":"summary_large_image","schema":{"@context":"https:\/\/schema.org","@graph":[{"@type":"WebPage","@id":"https:\/\/00seeds.com\/tienda\/feminizadas\/critical-poison-fast\/","url":"https:\/\/00seeds.com\/tienda\/feminizadas\/critical-poison-fast\/","name":"Critical Poison Fast - 00 Seeds","isPartOf":{"@id":"https:\/\/00seeds.com\/#website"},"primaryImageOfPage":{"@id":"https:\/\/00seeds.com\/tienda\/feminizadas\/critical-poison-fast\/#primaryimage"},"image":{"@id":"https:\/\/00seeds.com\/tienda\/feminizadas\/critical-poison-fast\/#primaryimage"},"thumbnailUrl":"https:\/\/00seeds.com\/web\/wp-content\/uploads\/2020\/11\/Critical-Poison-Fast.jpg","datePublished":"2020-12-29T14:41:24+00:00","dateModified":"2026-03-18T15:31:04+00:00","breadcrumb":{"@id":"https:\/\/00seeds.com\/tienda\/feminizadas\/critical-poison-fast\/#breadcrumb"},"inLanguage":"en-GB","potentialAction":[{"@type":"ReadAction","target":["https:\/\/00seeds.com\/tienda\/feminizadas\/critical-poison-fast\/"]}]},{"@type":"ImageObject","inLanguage":"en-GB","@id":"https:\/\/00seeds.com\/tienda\/feminizadas\/critical-poison-fast\/#primaryimage","url":"https:\/\/00seeds.com\/web\/wp-content\/uploads\/2020\/11\/Critical-Poison-Fast.jpg","contentUrl":"https:\/\/00seeds.com\/web\/wp-content\/uploads\/2020\/11\/Critical-Poison-Fast.jpg","width":703,"height":1000},{"@type":"BreadcrumbList","@id":"https:\/\/00seeds.com\/tienda\/feminizadas\/critical-poison-fast\/#breadcrumb","itemListElement":[{"@type":"ListItem","position":1,"name":"Home","item":"https:\/\/00seeds.com\/"},{"@type":"ListItem","position":2,"name":"Tienda","item":"https:\/\/00seeds.com\/"},{"@type":"ListItem","position":3,"name":"Critical Poison Fast"}]},{"@type":"WebSite","@id":"https:\/\/00seeds.com\/#website","url":"https:\/\/00seeds.com\/","name":"00 Seeds","description":"00 Seeds Bank - Feminized Indica Seeds","publisher":{"@id":"https:\/\/00seeds.com\/#organization"},"potentialAction":[{"@type":"SearchAction","target":{"@type":"EntryPoint","urlTemplate":"https:\/\/00seeds.com\/?s={search_term_string}"},"query-input":{"@type":"PropertyValueSpecification","valueRequired":true,"valueName":"search_term_string"}}],"inLanguage":"en-GB"},{"@type":"Organization","@id":"https:\/\/00seeds.com\/#organization","name":"00 Seeds Bank","url":"https:\/\/00seeds.com\/","logo":{"@type":"ImageObject","inLanguage":"en-GB","@id":"https:\/\/00seeds.com\/#\/schema\/logo\/image\/","url":"https:\/\/00seeds.com\/web\/wp-content\/uploads\/2020\/11\/logo-00-seeds.png","contentUrl":"https:\/\/00seeds.com\/web\/wp-content\/uploads\/2020\/11\/logo-00-seeds.png","width":332,"height":313,"caption":"00 Seeds Bank"},"image":{"@id":"https:\/\/00seeds.com\/#\/schema\/logo\/image\/"}}]}},"_links":{"self":[{"href":"https:\/\/00seeds.com\/en\/wp-json\/wp\/v2\/product\/685","targetHints":{"allow":["GET"]}}],"collection":[{"href":"https:\/\/00seeds.com\/en\/wp-json\/wp\/v2\/product"}],"about":[{"href":"https:\/\/00seeds.com\/en\/wp-json\/wp\/v2\/types\/product"}],"replies":[{"embeddable":true,"href":"https:\/\/00seeds.com\/en\/wp-json\/wp\/v2\/comments?post=685"}],"wp:featuredmedia":[{"embeddable":true,"href":"https:\/\/00seeds.com\/en\/wp-json\/wp\/v2\/media\/596"}],"wp:attachment":[{"href":"https:\/\/00seeds.com\/en\/wp-json\/wp\/v2\/media?parent=685"}],"wp:term":[{"taxonomy":"product_brand","embeddable":true,"href":"https:\/\/00seeds.com\/en\/wp-json\/wp\/v2\/product_brand?post=685"},{"taxonomy":"product_cat","embeddable":true,"href":"https:\/\/00seeds.com\/en\/wp-json\/wp\/v2\/product_cat?post=685"},{"taxonomy":"product_tag","embeddable":true,"href":"https:\/\/00seeds.com\/en\/wp-json\/wp\/v2\/product_tag?post=685"}],"curies":[{"name":"wp","href":"https:\/\/api.w.org\/{rel}","templated":true}]}}