{"id":791,"date":"2020-12-31T11:51:11","date_gmt":"2020-12-31T10:51:11","guid":{"rendered":"https:\/\/00seeds.com\/web\/?post_type=product&#038;p=791"},"modified":"2026-03-18T17:31:04","modified_gmt":"2026-03-18T15:31:04","slug":"auto-di-si-dos-cookies","status":"publish","type":"product","link":"https:\/\/00seeds.com\/en\/tienda\/automaticas\/auto-di-si-dos-cookies\/","title":{"rendered":"Auto Do-Si-Dos Cookies"},"content":{"rendered":"<p>THC: 22%<\/p>\n<p>INTERIOR:<\/p>\n<p>- Yield: 450 - 500 gr\/m2<br \/>- Total cultivation: 80 - 90 days.<br \/>- Height: 80 - 90 cm.<\/p>\n<p>OUTSIDE:<\/p>\n<p>- Harvest: April to November. <br \/>- Height: 110 - 130 cm.<\/p>","protected":false},"excerpt":{"rendered":"<p>Automatic version for those looking for the best characteristics of our Do-Si-Dos Cookies. A strain with purely Californian ancestry that maintains its indica predominance with a powerful effect of mental and physical relaxation. Among its aromas it has a sweet touch and taste of chocolate and mint, with earthy and pine aromas. It is a plant of good size with a large production of buds with high THC. In short, a treat that will delight all growers. Its relaxing effect provides a mental happiness that makes it special for those looking to enjoy a unique end of the day.<\/p>","protected":false},"featured_media":530,"comment_status":"open","ping_status":"closed","template":"","meta":[],"product_brand":[],"product_cat":[19],"product_tag":[],"class_list":{"0":"post-791","1":"product","2":"type-product","3":"status-publish","4":"has-post-thumbnail","6":"product_cat-automaticas","8":"first","9":"instock","10":"taxable","11":"shipping-taxable","12":"purchasable","13":"product-type-variable","14":"rtwpvg-product"},"yoast_head":"<!-- This site is optimized with the Yoast SEO Premium plugin v26.3 (Yoast SEO v26.6) - https:\/\/yoast.com\/wordpress\/plugins\/seo\/ -->\n<title>Auto Do-Si-Dos Cookies - 00 Seeds<\/title>\n<meta name=\"robots\" content=\"index, follow, max-snippet:-1, max-image-preview:large, max-video-preview:-1\" \/>\n<link rel=\"canonical\" href=\"https:\/\/00seeds.com\/en\/tienda\/automaticas\/auto-di-si-dos-cookies\/\" \/>\n<meta property=\"og:locale\" content=\"en_GB\" \/>\n<meta property=\"og:type\" content=\"article\" \/>\n<meta property=\"og:title\" content=\"Auto Do-Si-Dos Cookies\" \/>\n<meta property=\"og:description\" content=\"Versi\u00f3n autom\u00e1tica para aquellos que busquen las mejores caracter\u00edsticas de nuestra Do-Si-Dos Cookies. Variedad con ascendencia puramente californiana que mantiene su predominancia \u00edndica con un potente efecto de relajaci\u00f3n mental y f\u00edsica. Entre sus aromas destaca ese toque y sabor dulce a chocolate y menta, con aromas terrosos y de pino. Se trata de una planta de buen porte con una gran producci\u00f3n de cogollos con THC alto. En definitiva, un capricho que har\u00e1 las delicias de todos los cultivadores. Su efecto relajante otorga una felicidad mental que la hace especial para aquellas personas que busquen disfrutar de un final del d\u00eda \u00fanico.\" \/>\n<meta property=\"og:url\" content=\"https:\/\/00seeds.com\/en\/tienda\/automaticas\/auto-di-si-dos-cookies\/\" \/>\n<meta property=\"og:site_name\" content=\"00 Seeds\" \/>\n<meta property=\"article:modified_time\" content=\"2026-03-18T15:31:04+00:00\" \/>\n<meta property=\"og:image\" content=\"https:\/\/00seeds.com\/web\/wp-content\/uploads\/2020\/11\/Auto-Do-Si-Dos-Cookies-1.jpg\" \/>\n\t<meta property=\"og:image:width\" content=\"703\" \/>\n\t<meta property=\"og:image:height\" content=\"1000\" \/>\n\t<meta property=\"og:image:type\" content=\"image\/jpeg\" \/>\n<meta name=\"twitter:card\" content=\"summary_large_image\" \/>\n<script type=\"application\/ld+json\" class=\"yoast-schema-graph\">{\"@context\":\"https:\/\/schema.org\",\"@graph\":[{\"@type\":\"WebPage\",\"@id\":\"https:\/\/00seeds.com\/tienda\/automaticas\/auto-di-si-dos-cookies\/\",\"url\":\"https:\/\/00seeds.com\/tienda\/automaticas\/auto-di-si-dos-cookies\/\",\"name\":\"Auto Do-Si-Dos Cookies - 00 Seeds\",\"isPartOf\":{\"@id\":\"https:\/\/00seeds.com\/#website\"},\"primaryImageOfPage\":{\"@id\":\"https:\/\/00seeds.com\/tienda\/automaticas\/auto-di-si-dos-cookies\/#primaryimage\"},\"image\":{\"@id\":\"https:\/\/00seeds.com\/tienda\/automaticas\/auto-di-si-dos-cookies\/#primaryimage\"},\"thumbnailUrl\":\"https:\/\/00seeds.com\/web\/wp-content\/uploads\/2020\/11\/Auto-Do-Si-Dos-Cookies-1.jpg\",\"datePublished\":\"2020-12-31T10:51:11+00:00\",\"dateModified\":\"2026-03-18T15:31:04+00:00\",\"breadcrumb\":{\"@id\":\"https:\/\/00seeds.com\/tienda\/automaticas\/auto-di-si-dos-cookies\/#breadcrumb\"},\"inLanguage\":\"en-GB\",\"potentialAction\":[{\"@type\":\"ReadAction\",\"target\":[\"https:\/\/00seeds.com\/tienda\/automaticas\/auto-di-si-dos-cookies\/\"]}]},{\"@type\":\"ImageObject\",\"inLanguage\":\"en-GB\",\"@id\":\"https:\/\/00seeds.com\/tienda\/automaticas\/auto-di-si-dos-cookies\/#primaryimage\",\"url\":\"https:\/\/00seeds.com\/web\/wp-content\/uploads\/2020\/11\/Auto-Do-Si-Dos-Cookies-1.jpg\",\"contentUrl\":\"https:\/\/00seeds.com\/web\/wp-content\/uploads\/2020\/11\/Auto-Do-Si-Dos-Cookies-1.jpg\",\"width\":703,\"height\":1000},{\"@type\":\"BreadcrumbList\",\"@id\":\"https:\/\/00seeds.com\/tienda\/automaticas\/auto-di-si-dos-cookies\/#breadcrumb\",\"itemListElement\":[{\"@type\":\"ListItem\",\"position\":1,\"name\":\"Home\",\"item\":\"https:\/\/00seeds.com\/\"},{\"@type\":\"ListItem\",\"position\":2,\"name\":\"Tienda\",\"item\":\"https:\/\/00seeds.com\/\"},{\"@type\":\"ListItem\",\"position\":3,\"name\":\"Auto Do-Si-Dos Cookies\"}]},{\"@type\":\"WebSite\",\"@id\":\"https:\/\/00seeds.com\/#website\",\"url\":\"https:\/\/00seeds.com\/\",\"name\":\"00 Seeds\",\"description\":\"00 Seeds Bank - Feminized Indica Seeds\",\"publisher\":{\"@id\":\"https:\/\/00seeds.com\/#organization\"},\"potentialAction\":[{\"@type\":\"SearchAction\",\"target\":{\"@type\":\"EntryPoint\",\"urlTemplate\":\"https:\/\/00seeds.com\/?s={search_term_string}\"},\"query-input\":{\"@type\":\"PropertyValueSpecification\",\"valueRequired\":true,\"valueName\":\"search_term_string\"}}],\"inLanguage\":\"en-GB\"},{\"@type\":\"Organization\",\"@id\":\"https:\/\/00seeds.com\/#organization\",\"name\":\"00 Seeds Bank\",\"url\":\"https:\/\/00seeds.com\/\",\"logo\":{\"@type\":\"ImageObject\",\"inLanguage\":\"en-GB\",\"@id\":\"https:\/\/00seeds.com\/#\/schema\/logo\/image\/\",\"url\":\"https:\/\/00seeds.com\/web\/wp-content\/uploads\/2020\/11\/logo-00-seeds.png\",\"contentUrl\":\"https:\/\/00seeds.com\/web\/wp-content\/uploads\/2020\/11\/logo-00-seeds.png\",\"width\":332,\"height\":313,\"caption\":\"00 Seeds Bank\"},\"image\":{\"@id\":\"https:\/\/00seeds.com\/#\/schema\/logo\/image\/\"}}]}<\/script>\n<!-- \/ Yoast SEO Premium plugin. -->","yoast_head_json":{"title":"Auto Do-Si-Two Cookies - 00 Seeds","robots":{"index":"index","follow":"follow","max-snippet":"max-snippet:-1","max-image-preview":"max-image-preview:large","max-video-preview":"max-video-preview:-1"},"canonical":"https:\/\/00seeds.com\/en\/tienda\/automaticas\/auto-di-si-dos-cookies\/","og_locale":"en_GB","og_type":"article","og_title":"Auto Do-Si-Dos Cookies","og_description":"Versi\u00f3n autom\u00e1tica para aquellos que busquen las mejores caracter\u00edsticas de nuestra Do-Si-Dos Cookies. Variedad con ascendencia puramente californiana que mantiene su predominancia \u00edndica con un potente efecto de relajaci\u00f3n mental y f\u00edsica. Entre sus aromas destaca ese toque y sabor dulce a chocolate y menta, con aromas terrosos y de pino. Se trata de una planta de buen porte con una gran producci\u00f3n de cogollos con THC alto. En definitiva, un capricho que har\u00e1 las delicias de todos los cultivadores. Su efecto relajante otorga una felicidad mental que la hace especial para aquellas personas que busquen disfrutar de un final del d\u00eda \u00fanico.","og_url":"https:\/\/00seeds.com\/en\/tienda\/automaticas\/auto-di-si-dos-cookies\/","og_site_name":"00 Seeds","article_modified_time":"2026-03-18T15:31:04+00:00","og_image":[{"width":703,"height":1000,"url":"https:\/\/00seeds.com\/web\/wp-content\/uploads\/2020\/11\/Auto-Do-Si-Dos-Cookies-1.jpg","type":"image\/jpeg"}],"twitter_card":"summary_large_image","schema":{"@context":"https:\/\/schema.org","@graph":[{"@type":"WebPage","@id":"https:\/\/00seeds.com\/tienda\/automaticas\/auto-di-si-dos-cookies\/","url":"https:\/\/00seeds.com\/tienda\/automaticas\/auto-di-si-dos-cookies\/","name":"Auto Do-Si-Two Cookies - 00 Seeds","isPartOf":{"@id":"https:\/\/00seeds.com\/#website"},"primaryImageOfPage":{"@id":"https:\/\/00seeds.com\/tienda\/automaticas\/auto-di-si-dos-cookies\/#primaryimage"},"image":{"@id":"https:\/\/00seeds.com\/tienda\/automaticas\/auto-di-si-dos-cookies\/#primaryimage"},"thumbnailUrl":"https:\/\/00seeds.com\/web\/wp-content\/uploads\/2020\/11\/Auto-Do-Si-Dos-Cookies-1.jpg","datePublished":"2020-12-31T10:51:11+00:00","dateModified":"2026-03-18T15:31:04+00:00","breadcrumb":{"@id":"https:\/\/00seeds.com\/tienda\/automaticas\/auto-di-si-dos-cookies\/#breadcrumb"},"inLanguage":"en-GB","potentialAction":[{"@type":"ReadAction","target":["https:\/\/00seeds.com\/tienda\/automaticas\/auto-di-si-dos-cookies\/"]}]},{"@type":"ImageObject","inLanguage":"en-GB","@id":"https:\/\/00seeds.com\/tienda\/automaticas\/auto-di-si-dos-cookies\/#primaryimage","url":"https:\/\/00seeds.com\/web\/wp-content\/uploads\/2020\/11\/Auto-Do-Si-Dos-Cookies-1.jpg","contentUrl":"https:\/\/00seeds.com\/web\/wp-content\/uploads\/2020\/11\/Auto-Do-Si-Dos-Cookies-1.jpg","width":703,"height":1000},{"@type":"BreadcrumbList","@id":"https:\/\/00seeds.com\/tienda\/automaticas\/auto-di-si-dos-cookies\/#breadcrumb","itemListElement":[{"@type":"ListItem","position":1,"name":"Home","item":"https:\/\/00seeds.com\/"},{"@type":"ListItem","position":2,"name":"Tienda","item":"https:\/\/00seeds.com\/"},{"@type":"ListItem","position":3,"name":"Auto Do-Si-Dos Cookies"}]},{"@type":"WebSite","@id":"https:\/\/00seeds.com\/#website","url":"https:\/\/00seeds.com\/","name":"00 Seeds","description":"00 Seeds Bank - Feminized Indica Seeds","publisher":{"@id":"https:\/\/00seeds.com\/#organization"},"potentialAction":[{"@type":"SearchAction","target":{"@type":"EntryPoint","urlTemplate":"https:\/\/00seeds.com\/?s={search_term_string}"},"query-input":{"@type":"PropertyValueSpecification","valueRequired":true,"valueName":"search_term_string"}}],"inLanguage":"en-GB"},{"@type":"Organization","@id":"https:\/\/00seeds.com\/#organization","name":"00 Seeds Bank","url":"https:\/\/00seeds.com\/","logo":{"@type":"ImageObject","inLanguage":"en-GB","@id":"https:\/\/00seeds.com\/#\/schema\/logo\/image\/","url":"https:\/\/00seeds.com\/web\/wp-content\/uploads\/2020\/11\/logo-00-seeds.png","contentUrl":"https:\/\/00seeds.com\/web\/wp-content\/uploads\/2020\/11\/logo-00-seeds.png","width":332,"height":313,"caption":"00 Seeds Bank"},"image":{"@id":"https:\/\/00seeds.com\/#\/schema\/logo\/image\/"}}]}},"_links":{"self":[{"href":"https:\/\/00seeds.com\/en\/wp-json\/wp\/v2\/product\/791","targetHints":{"allow":["GET"]}}],"collection":[{"href":"https:\/\/00seeds.com\/en\/wp-json\/wp\/v2\/product"}],"about":[{"href":"https:\/\/00seeds.com\/en\/wp-json\/wp\/v2\/types\/product"}],"replies":[{"embeddable":true,"href":"https:\/\/00seeds.com\/en\/wp-json\/wp\/v2\/comments?post=791"}],"wp:featuredmedia":[{"embeddable":true,"href":"https:\/\/00seeds.com\/en\/wp-json\/wp\/v2\/media\/530"}],"wp:attachment":[{"href":"https:\/\/00seeds.com\/en\/wp-json\/wp\/v2\/media?parent=791"}],"wp:term":[{"taxonomy":"product_brand","embeddable":true,"href":"https:\/\/00seeds.com\/en\/wp-json\/wp\/v2\/product_brand?post=791"},{"taxonomy":"product_cat","embeddable":true,"href":"https:\/\/00seeds.com\/en\/wp-json\/wp\/v2\/product_cat?post=791"},{"taxonomy":"product_tag","embeddable":true,"href":"https:\/\/00seeds.com\/en\/wp-json\/wp\/v2\/product_tag?post=791"}],"curies":[{"name":"wp","href":"https:\/\/api.w.org\/{rel}","templated":true}]}}