{"id":3,"date":"2020-03-05T16:41:13","date_gmt":"2020-03-05T16:41:13","guid":{"rendered":"https:\/\/00seeds.com\/web\/?page_id=3"},"modified":"2025-08-06T09:46:41","modified_gmt":"2025-08-06T07:46:41","slug":"politica-privacidad","status":"publish","type":"page","link":"https:\/\/00seeds.com\/it\/politica-privacidad\/","title":{"rendered":"Informativa sulla privacy"},"content":{"rendered":"<section class=\"section\" id=\"section_1786635404\">\n\t\t<div class=\"section-bg fill\" >\n\t\t\t\t\t\t\t\t\t\n\t\t\t\n\n\t\t<\/div>\n\n\t\t\n\n\t\t<div class=\"section-content relative\">\n\t\t\t\n\n<div class=\"container section-title-container\" ><h1 class=\"section-title section-title-center\"><b aria-hidden=\"true\"><\/b><span class=\"section-title-main\" >Informativa sulla privacy<\/span><b aria-hidden=\"true\"><\/b><\/h1><\/div>\n\n<p>\"00 Seeds\" \u00e8 profondamente impegnata nel rispetto delle normative spagnole ed europee in materia di protezione dei dati personali, e garantisce il pieno adempimento degli obblighi previsti, nonch\u00e9 l'implementazione delle misure di sicurezza previste dal Regolamento generale sulla protezione dei dati (GDPR) (UE) 2016\/679, del 27 aprile, e dalla Legge organica 3\/2018, del 5 dicembre, sulla protezione dei dati personali e la garanzia dei diritti digitali (LOPD e GDD, di seguito LOPD).<\/p>\n<p>In conformit\u00e0 a tali norme, vi informiamo che l'utilizzo del nostro sito web potrebbe richiedere il conferimento di alcuni dati personali attraverso i moduli di registrazione o di contatto, o l'invio di e-mail, e che tali dati saranno trattati da \".<strong>00 Semi<\/strong>Responsabile del trattamento, i cui dati sono:<\/p>\n<ul>\n<li><strong>Nome della societ\u00e0<\/strong>: Garden Seeds Trading, S.L.<\/li>\n<li><strong>NUMERO IVA<\/strong>: B73603805<\/li>\n<li><strong>Sede legale<\/strong>C\/ Villanueva del R\u00edo Segura, navata 5. P.I. La Polvorista - Molina de Segura - 30500 (Murcia)<\/li>\n<li><strong>Telefono<\/strong>: 968 629 309<\/li>\n<li><strong>eMail<\/strong>: <a href=\"mailto:info@00seeds.com\">info@00seeds.com<\/a><\/li>\n<\/ul>\n<h2>Raccolta e trattamento dei dati personali<\/h2>\n<p>Per dati personali si intendono tutte le informazioni relative a una persona: nome, e-mail, indirizzo, numero di telefono, NIF\/NIE... Inoltre, quando un Utente visita il nostro sito web, alcune informazioni vengono memorizzate automaticamente per motivi tecnici, come ad esempio l'indirizzo IP assegnato dal suo provider di accesso a Internet.<\/p>\n<p>\"00 Seeds\", in qualit\u00e0 di Titolare del trattamento, ha l'obbligo di informare gli Utenti del proprio sito web in merito alla raccolta di dati personali che pu\u00f2 essere effettuata, sia tramite l'invio di una e-mail che tramite la compilazione dei moduli presenti nel sito web.<\/p>\n<p>Saranno acquisiti solo i dati necessari per l'esecuzione del servizio contrattato, o per poter rispondere adeguatamente alla richiesta di informazioni avanzata dall'Utente. I dati raccolti sono di tipo identificativo e corrispondono a un minimo ragionevole per poter svolgere l'attivit\u00e0 svolta. In particolare, non vengono raccolti in nessun momento dati particolarmente protetti. In nessun caso i dati saranno utilizzati per scopi diversi da quelli per cui sono stati raccolti.<\/p>\n<h4><u>Moduli di contatto\/email <\/u><\/h4>\n<p><em>Scopo<\/em>Per rispondere alla vostra richiesta di informazioni fatta tramite i nostri moduli di contatto.<\/p>\n<p><em>Legittimazione<\/em>La base giuridica di questo trattamento \u00e8 il consenso dell'Utente, che pu\u00f2 essere revocato in qualsiasi momento.<\/p>\n<p><em>Trasferimento dei dati<\/em>I dati personali saranno trattati attraverso i server gestiti da <a href=\"https:\/\/www.ovh.es\/\">OVH<\/a>che sar\u00e0 considerato il Responsabile del trattamento.<\/p>\n<h4><u>Moduli di iscrizione\/registrazione <\/u><u>cliente\/contratto<\/u><\/h4>\n<p><em>Scopi<\/em>:<\/p>\n<ul>\n<li>Gestire la registrazione dell'utente sul nostro sito web.<\/li>\n<li>Gestire gli acquisti effettuati.<\/li>\n<li>Fornire informazioni sull'elaborazione e sullo stato degli acquisti.<\/li>\n<li>Registro storico degli acquisti effettuati sul nostro sito web.<\/li>\n<li>Gestione dei commenti e dei contenuti.<\/li>\n<li>Invio di comunicazioni via e-mail e\/o telefono, al fine di informare l'Utente di eventuali incidenti, errori, problemi e\/o stato degli ordini.<\/li>\n<\/ul>\n<p><em>Legittimazione<\/em>La base giuridica di questo trattamento \u00e8 l'esecuzione di un contratto.<\/p>\n<p><em>Trasferimento dei dati<\/em>00 Seeds\" non trasferir\u00e0 o comunicher\u00e0 i suoi dati a terzi, se non nei casi previsti dalla legge o quando ci\u00f2 sia strettamente necessario per l'erogazione di un servizio. In particolare, i dati potranno essere trasferiti a:<\/p>\n<ul>\n<li>Fornitori di tecnologia o di servizi IT.<\/li>\n<li>Fornitori di servizi di pagamento.<\/li>\n<li>Societ\u00e0 di corrieri e pacchi.<\/li>\n<li>Terzi o intermediari, in qualit\u00e0 di fornitori di servizi, che operano a nostro nome (agenzia, consulenza, ecc.).<\/li>\n<\/ul>\n<p>Il trasferimento dei dati avverr\u00e0 con la massima riservatezza, utilizzando le misure necessarie, come la firma di contratti di riservatezza o l'adesione alle loro politiche sulla privacy stabilite sui rispettivi siti web. L'Utente pu\u00f2 rifiutare il trasferimento dei propri dati ai Responsabili del trattamento, mediante richiesta scritta, con uno dei mezzi sopra indicati.<\/p>\n<p>Inoltre, nei casi in cui sia necessario, i dati del Cliente potranno essere trasferiti a determinati enti, in ottemperanza a un obbligo di legge: Agenzia delle Entrate, banche, Ispettorato del Lavoro, ecc.<\/p>\n<h4><u>Modulo di feedback<\/u><\/h4>\n<p><em>Scopo<\/em>: fare un commento o una recensione da pubblicare sul sito web.<\/p>\n<p><em>Legittimazione<\/em>La base giuridica di questo trattamento \u00e8 il consenso dell'Utente, che pu\u00f2 essere revocato in qualsiasi momento.<\/p>\n<p><em>Trasferimento dei dati<\/em>I dati personali saranno trattati attraverso i server di questo sito web, gestiti da <a href=\"https:\/\/www.ovh.es\/\">OVH<\/a>che sar\u00e0 considerato il Responsabile del trattamento.<\/p>\n<h2>Minori<\/h2>\n<p>Solo le persone di et\u00e0 superiore ai 14 anni possono fornire dati personali su questo sito web. Come previsto dalla LOPD e dalla GDD, nel caso di minori di 14 anni, il consenso dei genitori o di chi ne fa le veci \u00e8 una condizione obbligatoria per il trattamento dei loro dati personali.<\/p>\n<p>D'altra parte, solo le persone di et\u00e0 superiore ai 18 anni possono contrattare i nostri servizi. Nel caso di minori di 18 anni, il consenso dei genitori o dei tutori legali \u00e8 una condizione obbligatoria per poter fornire i servizi offerti, a meno che il minore non sia emancipato.<\/p>\n<h2>Registrazione utente<\/h2>\n<p>Quando l'Utente si registra attraverso l'apposito modulo, le informazioni che raccogliamo comprendono:<\/p>\n<ul>\n<li>Nome e cognome<\/li>\n<li>Email e\/o telefono<\/li>\n<li>Indirizzi di spedizione<\/li>\n<li>IP<\/li>\n<li>Nome utente\/password<\/li>\n<\/ul>\n<p>Inoltre, l'Utente deve accettare i Termini e le Condizioni del Contratto, riportati in un'altra sezione del sito web.<\/p>\n<p>L'Utente deve inoltre fornire una password, che deve soddisfare determinati requisiti di sicurezza. La password non ha scadenza. Per recuperare la password, l'Utente deve accedere all'apposito modulo di recupero e inserire il proprio indirizzo e-mail per proseguire il processo e poterla modificare, cliccando sul link che verr\u00e0 inviato all'indirizzo e-mail inserito. L'Utente \u00e8 responsabile della riservatezza della propria password e di tutti gli usi che ne vengono fatti. L'Utente deve notificare a \"00 Seeds\" qualsiasi uso non autorizzato del proprio account o della propria password il prima possibile.<\/p>\n<p>L'utente, una volta registrato, ha accesso a un pannello privato, dove pu\u00f2 visualizzare determinati contenuti, registrare gli acquisti effettuati, ecc. Pu\u00f2 anche gestire le opzioni del proprio account, come la password o i dati utente.<\/p>\n<p>L'Utente pu\u00f2 ricevere le seguenti notifiche:<\/p>\n<ul>\n<li>Al momento della registrazione sulla piattaforma (e-mail di convalida dell'account).<\/li>\n<li>Quando si effettuano acquisti, ad esempio prove di acquisto, incidenti, spedizioni effettuate, ecc.<\/li>\n<li>Per i commenti espressi e le relative risposte.<\/li>\n<li>Tramite il recupero della password (specificata nel campo precedente).<\/li>\n<li>Quando si annulla l'iscrizione o si cancella l'account.<\/li>\n<\/ul>\n<h2>Misure di sicurezza<\/h2>\n<p>Gli utenti del sito web di \"00 Seeds\" sono informati che le misure di sicurezza tecniche e organizzative a nostra disposizione sono state adottate per prevenire la perdita, l'abuso, l'alterazione, l'accesso non autorizzato e il furto dei dati, e quindi garantire la riservatezza, l'integrit\u00e0 e la qualit\u00e0 delle informazioni contenute, in conformit\u00e0 con le disposizioni della legislazione vigente sulla protezione dei dati. I dati personali raccolti nei moduli sono trattati esclusivamente dal personale di \"00 Seeds\" o dai responsabili del trattamento designati.<\/p>\n<p>Il sito web di \"00 Seeds\" dispone inoltre di un sistema di crittografia SSL, che consente all'Utente di inviare in modo sicuro i propri dati personali attraverso i moduli di contatto o di registrazione presenti sul sito.<\/p>\n<h2>Veridicit\u00e0 dei dati<\/h2>\n<p>L'Utente dichiara che tutti i dati da lui forniti sono veritieri e corretti e si impegna a mantenerli aggiornati. L'Utente \u00e8 responsabile della veridicit\u00e0 dei propri dati e sar\u00e0 l'unico responsabile di eventuali controversie o contenziosi che dovessero insorgere a causa della falsit\u00e0 di tali dati. \u00c8 importante che, al fine di mantenere aggiornati i dati personali, l'Utente informi \"00 Seeds\" ogni qualvolta si verifichi una variazione degli stessi.<\/p>\n<h2>Trasferimento dei dati<\/h2>\n<p>\"00 Seeds\" non trasferir\u00e0 o comunicher\u00e0 i dati dell'Utente a terzi, se non nei casi previsti dalla legge o quando l'erogazione di un servizio comporti la necessit\u00e0 di un rapporto contrattuale con un Responsabile del trattamento. Pertanto, l'Utente accetta che alcuni dei dati personali raccolti possano essere forniti a tali Responsabili del trattamento (piattaforme di pagamento, agenzie, intermediari, ecc.), quando ci\u00f2 sia necessario per l'efficace esecuzione di un servizio contrattuale o di un prodotto acquistato. L'Utente accetta inoltre che, in caso di fornitura di servizi, questi possano essere totalmente o parzialmente subappaltati ad altre persone o societ\u00e0, che saranno considerate Responsabili del trattamento, con cui \u00e8 stato concordato il relativo contratto di riservatezza, o che hanno aderito alle loro politiche sulla privacy, stabilite sui rispettivi siti web. L'Utente pu\u00f2 rifiutare il trasferimento dei propri dati ai Responsabili del trattamento, mediante richiesta scritta, con uno dei mezzi sopra indicati.<\/p>\n<p>Inoltre, nei casi in cui sia necessario, i dati del Cliente potranno essere trasferiti a determinati enti, in ottemperanza a un obbligo di legge: Agenzia delle Entrate, banche, Ispettorato del Lavoro, ecc.<\/p>\n<h2>Esercizio dei diritti dell'utente<\/h2>\n<p>La LOPD, il GDD e il RGPD garantiscono agli interessati la possibilit\u00e0 di esercitare una serie di diritti relativi al trattamento dei propri dati personali. A tal fine, l'Utente deve contattarci, fornendo la documentazione comprovante la propria identit\u00e0 (carta d'identit\u00e0 o passaporto), tramite e-mail all'indirizzo info@00seeds.com, o tramite comunicazione scritta all'indirizzo che compare nella nostra Nota Legale. Tale comunicazione deve contenere le seguenti informazioni: nome e cognome dell'Utente, scopo della richiesta, indirizzo e dati di supporto.<\/p>\n<p>L'esercizio dei diritti deve essere effettuato dall'Utente stesso. Tuttavia, pu\u00f2 essere esercitato da una persona autorizzata come rappresentante legale dell'Utente, fornendo la documentazione che accredita tale rappresentanza.<\/p>\n<p>L'Utente pu\u00f2 richiedere l'esercizio dei seguenti diritti:<\/p>\n<ul>\n<li>Diritto di richiedere il <strong>accesso<\/strong> dei dati personali, ovvero il diritto di ottenere informazioni sull'eventuale trattamento dei propri dati personali, sulle finalit\u00e0 del trattamento che, se del caso, viene effettuato, nonch\u00e9 sulle informazioni disponibili sull'origine dei dati e sulle comunicazioni effettuate o previste degli stessi.<\/li>\n<li>Diritto di richiedere il vostro <strong>rettifica<\/strong>se i dati personali sono errati o inesatti, oppure <strong>cancellazione <\/strong>di dati che si rivelano inadeguati o eccessivi.<\/li>\n<li>Diritto di richiedere il <strong>limitazione<\/strong> del loro trattamento, nel qual caso saranno conservati da \"00 Seeds\" solo i dati strettamente necessari per l'esercizio o la difesa dei diritti.<\/li>\n<li>Diritto di <strong>oggetto<\/strong> al trattamento: si tratta del diritto dell'interessato di non far trattare i propri dati personali o di cessare il trattamento nei casi in cui il consenso dell'interessato non sia necessario per il trattamento, nel caso di pratiche di prospezione commerciale o al fine di prendere decisioni riguardanti l'interessato e basate esclusivamente sul trattamento automatizzato dei suoi dati, a meno che per motivi legittimi o per l'esercizio o la difesa di eventuali diritti, i dati debbano continuare a essere trattati.<\/li>\n<li>Diritto di <strong>portabilit\u00e0<\/strong> Portabilit\u00e0 dei dati: nel caso in cui desideriate che i vostri dati siano trattati da un'altra societ\u00e0, \"00 Seeds\" vi fornir\u00e0 la portabilit\u00e0 dei vostri dati in un formato esportabile.<\/li>\n<\/ul>\n<p>Quando il consenso \u00e8 stato dato per uno scopo specifico, <strong>l'Utente ha il diritto di revocare il consenso in qualsiasi momento<\/strong>senza pregiudicare la liceit\u00e0 del trattamento basato sul consenso prima della sua revoca.<\/p>\n<p>Ci impegniamo a far valere tutti questi diritti entro il termine massimo previsto dalla legge (1 mese).<\/p>\n<p>Se un Utente ritiene che vi sia un problema nel modo in cui \"00 Seeds\" tratta i suoi dati, pu\u00f2 rivolgersi al Responsabile della sicurezza o alla corrispondente autorit\u00e0 di protezione dei dati, essendo l'Agenzia spagnola di protezione dei dati quella indicata nel caso della Spagna.<\/p>\n<h2>Conservazione dei dati<\/h2>\n<p>I dati personali degli Utenti che utilizzano il modulo di contatto o che inviano una e-mail di richiesta di informazioni saranno trattati per il tempo strettamente necessario a rispondere alla richiesta di informazioni, o fino alla revoca del consenso prestato.<\/p>\n<p>I dati personali del Cliente saranno trattati fino al termine del rapporto contrattuale. Il periodo di conservazione dei dati personali sar\u00e0 il minimo necessario e potr\u00e0 essere conservato fino alla fine del rapporto contrattuale:<\/p>\n<ul>\n<li>4 anni: Legge sui reati e le pene nell'ordine sociale (obblighi di affiliazione, iscrizioni, cancellazioni, contributi, pagamento dei salari...); artt. 66 e segg. della Legge fiscale generale (libri contabili...)<\/li>\n<li>5 anni: art. 1964 c.c. (azioni personali senza limiti di tempo)<\/li>\n<li>6 anni: Art. 30 Codice del Commercio (libri contabili, fatture...)<\/li>\n<li>10 anni: art. 25 della legge sulla prevenzione del riciclaggio di denaro e del finanziamento del terrorismo.<\/li>\n<li>Nessuna scadenza: dati disaggregati e anonimizzati.<\/li>\n<\/ul>\n<p>Nel caso di trattamento dei dati dei candidati (C.V.), \"00 Seeds\" pu\u00f2 conservare il loro curriculum vitae per un massimo di due anni al fine di inserirlo in futuri bandi di concorso, salvo diversa indicazione del candidato.<\/p>\n<h2>Selezione del personale<\/h2>\n<p>I candidati che inviano comunicazioni elettroniche a \"00 Seeds\", con l'obiettivo di accedere ai processi di selezione del personale del manager, ci autorizzano ad analizzare i documenti inviati (ad esempio, il C.V.), tutti i contenuti direttamente accessibili attraverso i motori di ricerca di Internet (ad esempio, Google), i profili mantenuti nei social network professionali (ad esempio, LinkedIn), i dati ottenuti nei test di accesso e le informazioni rivelate durante il colloquio di lavoro, con l'obiettivo di valutare la loro candidatura e di poter, eventualmente, offrire loro un lavoro. Nel caso in cui il candidato non venga selezionato, \"00 Seeds\" potr\u00e0 conservare il suo C.V. per un massimo di due anni, al fine di inserirlo in futuri bandi di concorso, salvo diversa indicazione del candidato. La base giuridica che legittima questo trattamento sar\u00e0 il consenso dell'interessato, che potr\u00e0 essere revocato in qualsiasi momento.<\/p>\n<h2>Riservatezza<\/h2>\n<p>Le informazioni fornite dall'Utente saranno in ogni caso considerate riservate e non potranno essere utilizzate per scopi diversi da quelli qui descritti. \"00 Seeds\" si impegna a non divulgare o rivelare informazioni sulle richieste dell'Utente, sui motivi della consulenza richiesta o sulla durata del suo rapporto con l'Utente.<\/p>\n<h2>Validit\u00e0<\/h2>\n<p>La presente informativa sulla privacy e sulla protezione dei dati \u00e8 stata redatta da ExpertosLOPD\u00ae, uno studio legale specializzato in <a href=\"https:\/\/www.expertoslopd.es\/adaptacion-lopd-tiendas-online\/\">protezione dei dati per i negozi online<\/a>L'interessato \u00e8 tenuto a leggere il documento aggiornato per conoscere i propri diritti e obblighi in qualsiasi momento.<\/p>\n\n\t\t<\/div>\n\n\t\t\n<style>\n#section_1786635404 {\n  padding-top: 30px;\n  padding-bottom: 30px;\n  background-color: rgb(255,255,255);\n}\n<\/style>\n\t<\/section>","protected":false},"excerpt":{"rendered":"","protected":false},"author":2307,"featured_media":0,"parent":0,"menu_order":0,"comment_status":"closed","ping_status":"open","template":"","meta":{"footnotes":""},"class_list":["post-3","page","type-page","status-publish","hentry"],"yoast_head":"<!-- This site is optimized with the Yoast SEO Premium plugin v26.3 (Yoast SEO v26.6) - https:\/\/yoast.com\/wordpress\/plugins\/seo\/ -->\n<title>Pol\u00edtica de privacidad - 00 Seeds<\/title>\n<meta name=\"robots\" content=\"index, follow, max-snippet:-1, max-image-preview:large, max-video-preview:-1\" \/>\n<link rel=\"canonical\" href=\"https:\/\/00seeds.com\/it\/politica-privacidad\/\" \/>\n<meta property=\"og:locale\" content=\"it_IT\" \/>\n<meta property=\"og:type\" content=\"article\" \/>\n<meta property=\"og:title\" content=\"Pol\u00edtica de privacidad\" \/>\n<meta property=\"og:url\" content=\"https:\/\/00seeds.com\/it\/politica-privacidad\/\" \/>\n<meta property=\"og:site_name\" content=\"00 Seeds\" \/>\n<meta property=\"article:modified_time\" content=\"2025-08-06T07:46:41+00:00\" \/>\n<meta name=\"twitter:card\" content=\"summary_large_image\" \/>\n<meta name=\"twitter:label1\" content=\"Tempo di lettura stimato\" \/>\n\t<meta name=\"twitter:data1\" content=\"13 minuti\" \/>\n<script type=\"application\/ld+json\" class=\"yoast-schema-graph\">{\"@context\":\"https:\/\/schema.org\",\"@graph\":[{\"@type\":\"WebPage\",\"@id\":\"https:\/\/00seeds.com\/politica-privacidad\/\",\"url\":\"https:\/\/00seeds.com\/politica-privacidad\/\",\"name\":\"Pol\u00edtica de privacidad - 00 Seeds\",\"isPartOf\":{\"@id\":\"https:\/\/00seeds.com\/#website\"},\"datePublished\":\"2020-03-05T16:41:13+00:00\",\"dateModified\":\"2025-08-06T07:46:41+00:00\",\"breadcrumb\":{\"@id\":\"https:\/\/00seeds.com\/politica-privacidad\/#breadcrumb\"},\"inLanguage\":\"it-IT\",\"potentialAction\":[{\"@type\":\"ReadAction\",\"target\":[\"https:\/\/00seeds.com\/politica-privacidad\/\"]}]},{\"@type\":\"BreadcrumbList\",\"@id\":\"https:\/\/00seeds.com\/politica-privacidad\/#breadcrumb\",\"itemListElement\":[{\"@type\":\"ListItem\",\"position\":1,\"name\":\"Home\",\"item\":\"https:\/\/00seeds.com\/\"},{\"@type\":\"ListItem\",\"position\":2,\"name\":\"Pol\u00edtica de privacidad\"}]},{\"@type\":\"WebSite\",\"@id\":\"https:\/\/00seeds.com\/#website\",\"url\":\"https:\/\/00seeds.com\/\",\"name\":\"00 Seeds\",\"description\":\"00 Seeds Bank - Feminized Indica Seeds\",\"publisher\":{\"@id\":\"https:\/\/00seeds.com\/#organization\"},\"potentialAction\":[{\"@type\":\"SearchAction\",\"target\":{\"@type\":\"EntryPoint\",\"urlTemplate\":\"https:\/\/00seeds.com\/?s={search_term_string}\"},\"query-input\":{\"@type\":\"PropertyValueSpecification\",\"valueRequired\":true,\"valueName\":\"search_term_string\"}}],\"inLanguage\":\"it-IT\"},{\"@type\":\"Organization\",\"@id\":\"https:\/\/00seeds.com\/#organization\",\"name\":\"00 Seeds Bank\",\"url\":\"https:\/\/00seeds.com\/\",\"logo\":{\"@type\":\"ImageObject\",\"inLanguage\":\"it-IT\",\"@id\":\"https:\/\/00seeds.com\/#\/schema\/logo\/image\/\",\"url\":\"https:\/\/00seeds.com\/web\/wp-content\/uploads\/2020\/11\/logo-00-seeds.png\",\"contentUrl\":\"https:\/\/00seeds.com\/web\/wp-content\/uploads\/2020\/11\/logo-00-seeds.png\",\"width\":332,\"height\":313,\"caption\":\"00 Seeds Bank\"},\"image\":{\"@id\":\"https:\/\/00seeds.com\/#\/schema\/logo\/image\/\"}}]}<\/script>\n<!-- \/ Yoast SEO Premium plugin. -->","yoast_head_json":{"title":"Informativa sulla privacy - 00 Seeds","robots":{"index":"index","follow":"follow","max-snippet":"max-snippet:-1","max-image-preview":"max-image-preview:large","max-video-preview":"max-video-preview:-1"},"canonical":"https:\/\/00seeds.com\/it\/politica-privacidad\/","og_locale":"it_IT","og_type":"article","og_title":"Pol\u00edtica de privacidad","og_url":"https:\/\/00seeds.com\/it\/politica-privacidad\/","og_site_name":"00 Seeds","article_modified_time":"2025-08-06T07:46:41+00:00","twitter_card":"summary_large_image","twitter_misc":{"Tempo di lettura stimato":"13 minuti"},"schema":{"@context":"https:\/\/schema.org","@graph":[{"@type":"WebPage","@id":"https:\/\/00seeds.com\/politica-privacidad\/","url":"https:\/\/00seeds.com\/politica-privacidad\/","name":"Informativa sulla privacy - 00 Seeds","isPartOf":{"@id":"https:\/\/00seeds.com\/#website"},"datePublished":"2020-03-05T16:41:13+00:00","dateModified":"2025-08-06T07:46:41+00:00","breadcrumb":{"@id":"https:\/\/00seeds.com\/politica-privacidad\/#breadcrumb"},"inLanguage":"it-IT","potentialAction":[{"@type":"ReadAction","target":["https:\/\/00seeds.com\/politica-privacidad\/"]}]},{"@type":"BreadcrumbList","@id":"https:\/\/00seeds.com\/politica-privacidad\/#breadcrumb","itemListElement":[{"@type":"ListItem","position":1,"name":"Home","item":"https:\/\/00seeds.com\/"},{"@type":"ListItem","position":2,"name":"Pol\u00edtica de privacidad"}]},{"@type":"WebSite","@id":"https:\/\/00seeds.com\/#website","url":"https:\/\/00seeds.com\/","name":"00 Semi","description":"00 Seeds Bank - Semi di Indica Femminilizzati","publisher":{"@id":"https:\/\/00seeds.com\/#organization"},"potentialAction":[{"@type":"SearchAction","target":{"@type":"EntryPoint","urlTemplate":"https:\/\/00seeds.com\/?s={search_term_string}"},"query-input":{"@type":"PropertyValueSpecification","valueRequired":true,"valueName":"search_term_string"}}],"inLanguage":"it-IT"},{"@type":"Organization","@id":"https:\/\/00seeds.com\/#organization","name":"00 Banca dei semi","url":"https:\/\/00seeds.com\/","logo":{"@type":"ImageObject","inLanguage":"it-IT","@id":"https:\/\/00seeds.com\/#\/schema\/logo\/image\/","url":"https:\/\/00seeds.com\/web\/wp-content\/uploads\/2020\/11\/logo-00-seeds.png","contentUrl":"https:\/\/00seeds.com\/web\/wp-content\/uploads\/2020\/11\/logo-00-seeds.png","width":332,"height":313,"caption":"00 Seeds Bank"},"image":{"@id":"https:\/\/00seeds.com\/#\/schema\/logo\/image\/"}}]}},"_links":{"self":[{"href":"https:\/\/00seeds.com\/it\/wp-json\/wp\/v2\/pages\/3","targetHints":{"allow":["GET"]}}],"collection":[{"href":"https:\/\/00seeds.com\/it\/wp-json\/wp\/v2\/pages"}],"about":[{"href":"https:\/\/00seeds.com\/it\/wp-json\/wp\/v2\/types\/page"}],"author":[{"embeddable":true,"href":"https:\/\/00seeds.com\/it\/wp-json\/wp\/v2\/users\/2307"}],"replies":[{"embeddable":true,"href":"https:\/\/00seeds.com\/it\/wp-json\/wp\/v2\/comments?post=3"}],"version-history":[{"count":2,"href":"https:\/\/00seeds.com\/it\/wp-json\/wp\/v2\/pages\/3\/revisions"}],"predecessor-version":[{"id":26768,"href":"https:\/\/00seeds.com\/it\/wp-json\/wp\/v2\/pages\/3\/revisions\/26768"}],"wp:attachment":[{"href":"https:\/\/00seeds.com\/it\/wp-json\/wp\/v2\/media?parent=3"}],"curies":[{"name":"wp","href":"https:\/\/api.w.org\/{rel}","templated":true}]}}